{"id":5257,"date":"2023-03-13T20:20:53","date_gmt":"2023-03-13T20:20:53","guid":{"rendered":"https:\/\/ton.connectingminds.net\/?page_id=5257"},"modified":"2023-09-04T20:17:34","modified_gmt":"2023-09-04T18:17:34","slug":"a-propos-de-ton-merckx","status":"publish","type":"page","link":"https:\/\/mail.ton-merckx-wielershirts.nl\/fr\/over-ton-merckx\/","title":{"rendered":"\u00c0 propos de Ton Merckx"},"content":{"rendered":"<div data-elementor-type=\"wp-page\" data-elementor-id=\"5257\" class=\"elementor elementor-5257\">\n\t\t\t\t\t\t<section class=\"elementor-section elementor-top-section elementor-element elementor-element-53e2171 elementor-section-full_width elementor-section-height-default elementor-section-height-default\" data-id=\"53e2171\" data-element_type=\"section\" data-e-type=\"section\">\n\t\t\t\t\t\t<div class=\"elementor-container elementor-column-gap-default\">\n\t\t\t\t\t<div class=\"elementor-column elementor-col-100 elementor-top-column elementor-element elementor-element-b86d447\" data-id=\"b86d447\" data-element_type=\"column\" data-e-type=\"column\">\n\t\t\t<div class=\"elementor-widget-wrap elementor-element-populated\">\n\t\t\t\t\t\t<div class=\"elementor-element elementor-element-9648d88 elementor-widget elementor-widget-image\" data-id=\"9648d88\" data-element_type=\"widget\" data-e-type=\"widget\" data-widget_type=\"image.default\">\n\t\t\t\t<div class=\"elementor-widget-container\">\n\t\t\t\t\t\t\t\t\t\t\t\t\t\t\t<img fetchpriority=\"high\" decoding=\"async\" width=\"1024\" height=\"473\" src=\"https:\/\/mail.ton-merckx-wielershirts.nl\/wp-content\/uploads\/2023\/03\/over-ton-merckx-1024x473.jpg\" class=\"attachment-large size-large wp-image-5269\" alt=\"\" srcset=\"https:\/\/mail.ton-merckx-wielershirts.nl\/wp-content\/uploads\/2023\/03\/over-ton-merckx-1024x473.jpg 1024w, https:\/\/mail.ton-merckx-wielershirts.nl\/wp-content\/uploads\/2023\/03\/over-ton-merckx-600x277.jpg 600w, https:\/\/mail.ton-merckx-wielershirts.nl\/wp-content\/uploads\/2023\/03\/over-ton-merckx-300x138.jpg 300w, https:\/\/mail.ton-merckx-wielershirts.nl\/wp-content\/uploads\/2023\/03\/over-ton-merckx-768x355.jpg 768w, https:\/\/mail.ton-merckx-wielershirts.nl\/wp-content\/uploads\/2023\/03\/over-ton-merckx-18x8.jpg 18w, https:\/\/mail.ton-merckx-wielershirts.nl\/wp-content\/uploads\/2023\/03\/over-ton-merckx.jpg 1302w\" sizes=\"(max-width: 1024px) 100vw, 1024px\" \/>\t\t\t\t\t\t\t\t\t\t\t\t\t\t\t<\/div>\n\t\t\t\t<\/div>\n\t\t\t\t\t<\/div>\n\t\t<\/div>\n\t\t\t\t\t<\/div>\n\t\t<\/section>\n\t\t\t\t<section class=\"elementor-section elementor-top-section elementor-element elementor-element-5d90fe2 elementor-section-boxed elementor-section-height-default elementor-section-height-default\" data-id=\"5d90fe2\" data-element_type=\"section\" data-e-type=\"section\">\n\t\t\t\t\t\t<div class=\"elementor-container elementor-column-gap-default\">\n\t\t\t\t\t<div class=\"elementor-column elementor-col-100 elementor-top-column elementor-element elementor-element-77d137a\" data-id=\"77d137a\" data-element_type=\"column\" data-e-type=\"column\">\n\t\t\t<div class=\"elementor-widget-wrap elementor-element-populated\">\n\t\t\t\t\t\t<div class=\"elementor-element elementor-element-ae1b9ed elementor-widget elementor-widget-spacer\" data-id=\"ae1b9ed\" data-element_type=\"widget\" data-e-type=\"widget\" data-widget_type=\"spacer.default\">\n\t\t\t\t<div class=\"elementor-widget-container\">\n\t\t\t\t\t\t\t<div class=\"elementor-spacer\">\n\t\t\t<div class=\"elementor-spacer-inner\"><\/div>\n\t\t<\/div>\n\t\t\t\t\t\t<\/div>\n\t\t\t\t<\/div>\n\t\t\t\t<div class=\"elementor-element elementor-element-dd90b8e tmrw-text-spacing elementor-widget elementor-widget-text-editor\" data-id=\"dd90b8e\" data-element_type=\"widget\" data-e-type=\"widget\" data-widget_type=\"text-editor.default\">\n\t\t\t\t<div class=\"elementor-widget-container\">\n\t\t\t\t\t\t\t\t\t<p>Le site que vous allez visiter est le r\u00e9sultat de plus de 30 ans de collecte.<br \/>Pas de timbres ni de bagues \u00e0 cigares (que je collectionnais aussi dans ma jeunesse, bien s\u00fbr) mais des MAILLOTS DE CYCLISME, et puis uniquement des maillots de cyclisme d&#039;\u00e9quipes professionnelles.<\/p><p>J&#039;ai commenc\u00e9 \u00e0 le faire en 1983, apr\u00e8s avoir visit\u00e9 le crit\u00e9rium Natour \u00e0 Valkenswaard. Au cours de ce crit\u00e8re, j&#039;ai vu le pro cycliste local Jan Aling de Bladel rouler dans une chemise de HENK WINTERMANS (le c\u00e9l\u00e8bre pomiculteur de Duizel).<br \/>J&#039;ai tellement aim\u00e9 cette chemise que j&#039;ai pens\u00e9, je vais voir si je ne peux pas trouver une telle chemise.<br \/>Apr\u00e8s un certain temps, j&#039;ai r\u00e9ussi et je suis all\u00e9 \u00e0 Bladel sur mon v\u00e9lo de course pour r\u00e9cup\u00e9rer 5 chemises de Jan Aling (Henk Wintermans, HB Alarmsystemen, Marc-Zeepcentrale, B&amp;S-Elro Snacks et B&amp;S road construction materials), ne sachant pas encore que je aurait commenc\u00e9 \u00e0 collectionner des CHEMISES PRO CYCLING.<\/p><p>Dans les ann\u00e9es 1990 ma collection a \u00e9norm\u00e9ment d\u00e9coll\u00e9 et j&#039;ai collectionn\u00e9 beaucoup de chemises du pass\u00e9 d&#039;ex-pros, la plupart des gens \u00e0 qui j&#039;ai parl\u00e9 alors pensaient que c&#039;\u00e9tait juste une &quot;collection bizarre&quot;, mais j&#039;en \u00e9tais tr\u00e8s fanatique.<\/p><p>En attendant, j&#039;ai travers\u00e9 la ville et le pays \u00e0 v\u00e9lo pour ramasser des chemises, si c&#039;\u00e9tait \u00e0 distance de v\u00e9lo. Mais j&#039;ai aussi re\u00e7u beaucoup de chemises par la poste. Notre facteur a d\u00fb me maudire si j&#039;avais encore quelques colis avec des chemises. Heureusement pour lui, j&#039;ai aussi commenc\u00e9 \u00e0 travailler aux PTT, donc je pouvais au moins l&#039;\u00e9pargner.<\/p><p>Pour le moment, je ne travaille plus aux PTT, mais je suis employ\u00e9 d&#039;entrep\u00f4t chez Nisbets \u00e0 Eindhoven, et je suis \u00e9galement tr\u00e8s actif au sein de notre tour club TC Wilhelmina avec la mise en place et l&#039;organisation de tourn\u00e9es. J&#039;organise \u00e9galement une dizaine de tours par an au caf\u00e9 cycliste d&#039;Eindhoven de CYKLIST. \u00c0 l&#039;automne, j&#039;irai \u00e0 nouveau \u00e0 v\u00e9lo pour r\u00e9cup\u00e9rer de nombreux maillots de cyclisme dans la r\u00e9gion, afin que mes deux passions cyclistes fusionnent \u00e0 nouveau.<\/p><p>Il y a une longue histoire derri\u00e8re la plupart des chemises, en particulier les tr\u00e8s vieilles chemises, mais il serait trop long de raconter toutes ces histoires ici. Aussi les recherches de chemises passent parfois sur de nombreux disques et il faut parfois plusieurs ann\u00e9es avant que j&#039;obtienne une chemise. La chemise AHV Rijen en est un parfait exemple.<\/p><p>Lors d&#039;une balade \u00e0 v\u00e9lo dans l&#039;Achterhoek, j&#039;ai soudainement vu une voiture rouler avec le texte AHV HONDENFOER RIJEN, ce qui m&#039;a donn\u00e9 le courage de chercher \u00e0 nouveau cette chemise. Les tentatives pr\u00e9c\u00e9dentes avaient \u00e9chou\u00e9. Via AHV \u00e0 Rijen, je suis entr\u00e9 en contact avec Barry Adema, apr\u00e8s quoi je me suis retrouv\u00e9 avec Joost Voesenek, Rini van Roon et Dries van Wijhe. Toujours sans succ\u00e8s, au final deux ans plus tard je suis tomb\u00e9 sur Wim van Boven qui a pu m&#039;aider avec une belle chemise. Sur la Veluwe, je suis \u00e9galement pass\u00e9 devant l&#039;usine de tapis KELA, je pensais que c&#039;\u00e9tait un nom bien connu et quand je suis rentr\u00e9 chez moi, j&#039;ai vu que cela avait effectivement \u00e9t\u00e9 le sponsor d&#039;une \u00e9quipe cycliste en 1973.<\/p><p>Apr\u00e8s une longue recherche, je suis entr\u00e9 en contact avec Peter van Stralen \u00e0 hippolytushoef, bon pour une belle balade \u00e0 v\u00e9lo \u00e0 travers la Hollande du Nord. Quand je suis arriv\u00e9 \u00e0 Schagen (en train), il pleuvait des chats et des chiens, alors je suis all\u00e9 \u00e0 Hippolytushoef en voiture avec mon copain cycliste de t Veld. Le r\u00e9sultat est une autre belle et unique chemise plus riche.<\/p><p>Une recherche unique \u00e9tait \u00e9galement pour le maillot des KENYAN RIDERS DOWNUNDER, une \u00e9quipe compos\u00e9e de nombreux coureurs du Kenya et de quelques Australiens et N\u00e9o-Z\u00e9landais. Envoy\u00e9 par e-mail \u00e0 de nombreux coureurs et attendu encore et encore, puis rien \u00e0 la fin.<\/p><p>Le dernier Australien apporterait un maillot aux Pays-Bas s&#039;il allait y courir (printemps 2019). Quand il est finalement arriv\u00e9 aux Pays-Bas, il a rompu le contact, apr\u00e8s avoir fr\u00e9quemment \u00e9chang\u00e9 des e-mails au cours des semaines\/mois pr\u00e9c\u00e9dents, donc fin de l&#039;histoire.<\/p><p>Pourtant, j&#039;ai contact\u00e9 Mwangi Samwell du Kenya qui a finalement pu m&#039;aider avec une chemise, Mwangi Samwell n&#039;est professionnel que depuis 1 an, s&#039;est gravement bless\u00e9 \u00e0 la jambe lors d&#039;une chute lors de la premi\u00e8re \u00e9tape du Tour du Rwanda, mais a quand m\u00eame continu\u00e9. Quelques jours plus tard, une autre chute o\u00f9 la blessure \u00e0 la jambe s&#039;est rouverte et s&#039;est infect\u00e9e. Finalement, sa jambe a d\u00fb \u00eatre amput\u00e9e, mais il fait toujours du v\u00e9lo et est en route pour les PARALYMPIQUES de Tokyo. Bonne chance \u00e0 lui l\u00e0-bas, un fonceur m\u00e9rite une m\u00e9daille. Pour moi au final pour cette chemise : Tout est bien qui finit bien. Esp\u00e9rons que Mwangi Samwell \u00e0 Tokyo 2021 \u00e9galement.<\/p><p>Ces derni\u00e8res ann\u00e9es, j&#039;ai \u00e9galement trouv\u00e9 \/ ramass\u00e9 des chemises pendant les vacances. J&#039;ai trouv\u00e9 une chemise de NOTEBOOKSBILLIGER.DE \u00e0 Potsdam. \u00c7a vaut le coup de chercher sur le site, une chemise sympa et comique (chemise noire avec un cochon rose dessus).<\/p><p>J&#039;ai trouv\u00e9 des chemises de SPARTAK PRAHA \u00e0 Prague et j&#039;ai \u00e9galement achet\u00e9 2 chemises de l&#039;EXPERIMENT 23 \u00e0 Jablonec nad Nissou. L&#039;homme en question avait ces chemises pr\u00eates depuis quelques ann\u00e9es, car j&#039;\u00e9tais s\u00fbr que je reviendrais \u00e0 Jablonec dans un proche avenir .go, y avait d\u00e9j\u00e0 \u00e9t\u00e9 deux fois dans mon enfance en tant que membre du c\u00e9l\u00e8bre TIVOLI CHOR.<\/p><p>A \u00e9galement ramass\u00e9 de belles chemises au printemps 2020 en Nouvelle-Z\u00e9lande et en Australie.<br \/>Souvent le r\u00e9sultat de mois de recherches, qui finissent par aboutir.<\/p><p>Le compteur compte aujourd&#039;hui pr\u00e8s de 2316 chemises de 61 pays et les plus anciennes datent de 1950 &amp; 1952.<br \/>Les PLUS BELLES CHEMISES ????? Il y en a trop pour les mentionner\u2026\u2026\u2026.<\/p><p>Le plus cher\u2026<br \/>UN MAILLOT ARC-EN-CIEL et un MAILLOT JAUNE du Tour de France par BERNARD HINAULT !!!!<\/p><p>\u00a0<\/p><p>Eindhoven, le 7 janvier 2021<br \/>Sportivement, Ton Merckx<\/p>\t\t\t\t\t\t\t\t<\/div>\n\t\t\t\t<\/div>\n\t\t\t\t<div class=\"elementor-element elementor-element-df087ad elementor-widget elementor-widget-button\" data-id=\"df087ad\" data-element_type=\"widget\" data-e-type=\"widget\" data-widget_type=\"button.default\">\n\t\t\t\t<div class=\"elementor-widget-container\">\n\t\t\t\t\t\t\t\t\t<div class=\"elementor-button-wrapper\">\n\t\t\t\t\t<a class=\"elementor-button elementor-button-link elementor-size-sm\" href=\"https:\/\/cycling-originals.com\/collecting-team-jerseys-for-over-30-years\/\">\n\t\t\t\t\t\t<span class=\"elementor-button-content-wrapper\">\n\t\t\t\t\t\t\t\t\t<span class=\"elementor-button-text\">Entretien avec Ton Merckx Velo Veritas &gt;<\/span>\n\t\t\t\t\t<\/span>\n\t\t\t\t\t<\/a>\n\t\t\t\t<\/div>\n\t\t\t\t\t\t\t\t<\/div>\n\t\t\t\t<\/div>\n\t\t\t\t<div class=\"elementor-element elementor-element-88380a3 elementor-widget elementor-widget-spacer\" data-id=\"88380a3\" data-element_type=\"widget\" data-e-type=\"widget\" data-widget_type=\"spacer.default\">\n\t\t\t\t<div class=\"elementor-widget-container\">\n\t\t\t\t\t\t\t<div class=\"elementor-spacer\">\n\t\t\t<div class=\"elementor-spacer-inner\"><\/div>\n\t\t<\/div>\n\t\t\t\t\t\t<\/div>\n\t\t\t\t<\/div>\n\t\t\t\t\t<\/div>\n\t\t<\/div>\n\t\t\t\t\t<\/div>\n\t\t<\/section>\n\t\t\t\t<\/div>","protected":false},"excerpt":{"rendered":"<p>De website die u zo dadelijk gaat bezoeken is het resultaat van meer dan 30 jaar verzamelen.Geen postzegels of sigarenbandjes (die ik natuurlijk ook verzameld heb in mijn jeugdjaren) maar WIELERSHIRTS, en dan ook nog alleen wielershirts van profploegen. In 1983 ben ik daarmee begonnen, nadat ik het natourcriterium van Valkenswaard had bezocht. Tijdens dat [&hellip;]<\/p>\n","protected":false},"author":1,"featured_media":0,"parent":0,"menu_order":0,"comment_status":"closed","ping_status":"closed","template":"","meta":{"footnotes":""},"class_list":["post-5257","page","type-page","status-publish","hentry"],"yoast_head":"<!-- This site is optimized with the Yoast SEO plugin v27.4 - https:\/\/yoast.com\/product\/yoast-seo-wordpress\/ -->\n<title>Over Ton Merckx - Ton Merckx Wielershirts - Rondreis door de wereld van wielershirts<\/title>\n<meta name=\"robots\" content=\"index, follow, max-snippet:-1, max-image-preview:large, max-video-preview:-1\" \/>\n<link rel=\"canonical\" href=\"https:\/\/mail.ton-merckx-wielershirts.nl\/fr\/a-propos-de-ton-merckx\/\" \/>\n<meta property=\"og:locale\" content=\"fr_FR\" \/>\n<meta property=\"og:type\" content=\"article\" \/>\n<meta property=\"og:title\" content=\"Over Ton Merckx - Ton Merckx Wielershirts - Rondreis door de wereld van wielershirts\" \/>\n<meta property=\"og:description\" content=\"De website die u zo dadelijk gaat bezoeken is het resultaat van meer dan 30 jaar verzamelen.Geen postzegels of sigarenbandjes (die ik natuurlijk ook verzameld heb in mijn jeugdjaren) maar WIELERSHIRTS, en dan ook nog alleen wielershirts van profploegen. In 1983 ben ik daarmee begonnen, nadat ik het natourcriterium van Valkenswaard had bezocht. Tijdens dat [&hellip;]\" \/>\n<meta property=\"og:url\" content=\"https:\/\/mail.ton-merckx-wielershirts.nl\/fr\/a-propos-de-ton-merckx\/\" \/>\n<meta property=\"og:site_name\" content=\"Ton Merckx Wielershirts - Rondreis door de wereld van wielershirts\" \/>\n<meta property=\"article:modified_time\" content=\"2023-09-04T18:17:34+00:00\" \/>\n<meta property=\"og:image\" content=\"https:\/\/tonmerckxwielershirts.nl\/wp-content\/uploads\/2023\/03\/over-ton-merckx-1024x473.jpg\" \/>\n<meta name=\"twitter:card\" content=\"summary_large_image\" \/>\n<meta name=\"twitter:label1\" content=\"Dur\u00e9e de lecture estim\u00e9e\" \/>\n\t<meta name=\"twitter:data1\" content=\"5 minutes\" \/>\n<script type=\"application\/ld+json\" class=\"yoast-schema-graph\">{\"@context\":\"https:\\\/\\\/schema.org\",\"@graph\":[{\"@type\":\"WebPage\",\"@id\":\"https:\\\/\\\/mail.ton-merckx-wielershirts.nl\\\/over-ton-merckx\\\/\",\"url\":\"https:\\\/\\\/mail.ton-merckx-wielershirts.nl\\\/over-ton-merckx\\\/\",\"name\":\"Over Ton Merckx - Ton Merckx Wielershirts - Rondreis door de wereld van wielershirts\",\"isPartOf\":{\"@id\":\"https:\\\/\\\/mail.ton-merckx-wielershirts.nl\\\/#website\"},\"primaryImageOfPage\":{\"@id\":\"https:\\\/\\\/mail.ton-merckx-wielershirts.nl\\\/over-ton-merckx\\\/#primaryimage\"},\"image\":{\"@id\":\"https:\\\/\\\/mail.ton-merckx-wielershirts.nl\\\/over-ton-merckx\\\/#primaryimage\"},\"thumbnailUrl\":\"https:\\\/\\\/tonmerckxwielershirts.nl\\\/wp-content\\\/uploads\\\/2023\\\/03\\\/over-ton-merckx-1024x473.jpg\",\"datePublished\":\"2023-03-13T20:20:53+00:00\",\"dateModified\":\"2023-09-04T18:17:34+00:00\",\"breadcrumb\":{\"@id\":\"https:\\\/\\\/mail.ton-merckx-wielershirts.nl\\\/over-ton-merckx\\\/#breadcrumb\"},\"inLanguage\":\"fr-FR\",\"potentialAction\":[{\"@type\":\"ReadAction\",\"target\":[\"https:\\\/\\\/mail.ton-merckx-wielershirts.nl\\\/over-ton-merckx\\\/\"]}]},{\"@type\":\"ImageObject\",\"inLanguage\":\"fr-FR\",\"@id\":\"https:\\\/\\\/mail.ton-merckx-wielershirts.nl\\\/over-ton-merckx\\\/#primaryimage\",\"url\":\"https:\\\/\\\/tonmerckxwielershirts.nl\\\/wp-content\\\/uploads\\\/2023\\\/03\\\/over-ton-merckx-1024x473.jpg\",\"contentUrl\":\"https:\\\/\\\/tonmerckxwielershirts.nl\\\/wp-content\\\/uploads\\\/2023\\\/03\\\/over-ton-merckx-1024x473.jpg\"},{\"@type\":\"BreadcrumbList\",\"@id\":\"https:\\\/\\\/mail.ton-merckx-wielershirts.nl\\\/over-ton-merckx\\\/#breadcrumb\",\"itemListElement\":[{\"@type\":\"ListItem\",\"position\":1,\"name\":\"Home\",\"item\":\"https:\\\/\\\/mail.ton-merckx-wielershirts.nl\\\/\"},{\"@type\":\"ListItem\",\"position\":2,\"name\":\"Over Ton Merckx\"}]},{\"@type\":\"WebSite\",\"@id\":\"https:\\\/\\\/mail.ton-merckx-wielershirts.nl\\\/#website\",\"url\":\"https:\\\/\\\/mail.ton-merckx-wielershirts.nl\\\/\",\"name\":\"Ton Merckx Wielershirts - Rondreis door de wereld van wielershirts\",\"description\":\"thousands of original cycling jerseys - order your replica!\",\"publisher\":{\"@id\":\"https:\\\/\\\/mail.ton-merckx-wielershirts.nl\\\/#organization\"},\"potentialAction\":[{\"@type\":\"SearchAction\",\"target\":{\"@type\":\"EntryPoint\",\"urlTemplate\":\"https:\\\/\\\/mail.ton-merckx-wielershirts.nl\\\/?s={search_term_string}\"},\"query-input\":{\"@type\":\"PropertyValueSpecification\",\"valueRequired\":true,\"valueName\":\"search_term_string\"}}],\"inLanguage\":\"fr-FR\"},{\"@type\":\"Organization\",\"@id\":\"https:\\\/\\\/mail.ton-merckx-wielershirts.nl\\\/#organization\",\"name\":\"Ton Merckx Wielershirts - Rondreis door de wereld van wielershirts\",\"url\":\"https:\\\/\\\/mail.ton-merckx-wielershirts.nl\\\/\",\"logo\":{\"@type\":\"ImageObject\",\"inLanguage\":\"fr-FR\",\"@id\":\"https:\\\/\\\/mail.ton-merckx-wielershirts.nl\\\/#\\\/schema\\\/logo\\\/image\\\/\",\"url\":\"https:\\\/\\\/mail.ton-merckx-wielershirts.nl\\\/wp-content\\\/uploads\\\/2023\\\/03\\\/ton-merckx-logo.jpg\",\"contentUrl\":\"https:\\\/\\\/mail.ton-merckx-wielershirts.nl\\\/wp-content\\\/uploads\\\/2023\\\/03\\\/ton-merckx-logo.jpg\",\"width\":391,\"height\":57,\"caption\":\"Ton Merckx Wielershirts - Rondreis door de wereld van wielershirts\"},\"image\":{\"@id\":\"https:\\\/\\\/mail.ton-merckx-wielershirts.nl\\\/#\\\/schema\\\/logo\\\/image\\\/\"}}]}<\/script>\n<!-- \/ Yoast SEO plugin. -->","yoast_head_json":{"title":"\u00c0 propos de Ton Merckx - Chemises de cyclisme Ton Merckx - Tour \u00e0 travers le monde des chemises de cyclisme","robots":{"index":"index","follow":"follow","max-snippet":"max-snippet:-1","max-image-preview":"max-image-preview:large","max-video-preview":"max-video-preview:-1"},"canonical":"https:\/\/mail.ton-merckx-wielershirts.nl\/fr\/a-propos-de-ton-merckx\/","og_locale":"fr_FR","og_type":"article","og_title":"Over Ton Merckx - Ton Merckx Wielershirts - Rondreis door de wereld van wielershirts","og_description":"De website die u zo dadelijk gaat bezoeken is het resultaat van meer dan 30 jaar verzamelen.Geen postzegels of sigarenbandjes (die ik natuurlijk ook verzameld heb in mijn jeugdjaren) maar WIELERSHIRTS, en dan ook nog alleen wielershirts van profploegen. In 1983 ben ik daarmee begonnen, nadat ik het natourcriterium van Valkenswaard had bezocht. Tijdens dat [&hellip;]","og_url":"https:\/\/mail.ton-merckx-wielershirts.nl\/fr\/a-propos-de-ton-merckx\/","og_site_name":"Ton Merckx Wielershirts - Rondreis door de wereld van wielershirts","article_modified_time":"2023-09-04T18:17:34+00:00","og_image":[{"url":"https:\/\/tonmerckxwielershirts.nl\/wp-content\/uploads\/2023\/03\/over-ton-merckx-1024x473.jpg","type":"","width":"","height":""}],"twitter_card":"summary_large_image","twitter_misc":{"Dur\u00e9e de lecture estim\u00e9e":"5 minutes"},"schema":{"@context":"https:\/\/schema.org","@graph":[{"@type":"WebPage","@id":"https:\/\/mail.ton-merckx-wielershirts.nl\/over-ton-merckx\/","url":"https:\/\/mail.ton-merckx-wielershirts.nl\/over-ton-merckx\/","name":"\u00c0 propos de Ton Merckx - Chemises de cyclisme Ton Merckx - Tour \u00e0 travers le monde des chemises de cyclisme","isPartOf":{"@id":"https:\/\/mail.ton-merckx-wielershirts.nl\/#website"},"primaryImageOfPage":{"@id":"https:\/\/mail.ton-merckx-wielershirts.nl\/over-ton-merckx\/#primaryimage"},"image":{"@id":"https:\/\/mail.ton-merckx-wielershirts.nl\/over-ton-merckx\/#primaryimage"},"thumbnailUrl":"https:\/\/tonmerckxwielershirts.nl\/wp-content\/uploads\/2023\/03\/over-ton-merckx-1024x473.jpg","datePublished":"2023-03-13T20:20:53+00:00","dateModified":"2023-09-04T18:17:34+00:00","breadcrumb":{"@id":"https:\/\/mail.ton-merckx-wielershirts.nl\/over-ton-merckx\/#breadcrumb"},"inLanguage":"fr-FR","potentialAction":[{"@type":"ReadAction","target":["https:\/\/mail.ton-merckx-wielershirts.nl\/over-ton-merckx\/"]}]},{"@type":"ImageObject","inLanguage":"fr-FR","@id":"https:\/\/mail.ton-merckx-wielershirts.nl\/over-ton-merckx\/#primaryimage","url":"https:\/\/tonmerckxwielershirts.nl\/wp-content\/uploads\/2023\/03\/over-ton-merckx-1024x473.jpg","contentUrl":"https:\/\/tonmerckxwielershirts.nl\/wp-content\/uploads\/2023\/03\/over-ton-merckx-1024x473.jpg"},{"@type":"BreadcrumbList","@id":"https:\/\/mail.ton-merckx-wielershirts.nl\/over-ton-merckx\/#breadcrumb","itemListElement":[{"@type":"ListItem","position":1,"name":"Home","item":"https:\/\/mail.ton-merckx-wielershirts.nl\/"},{"@type":"ListItem","position":2,"name":"Over Ton Merckx"}]},{"@type":"WebSite","@id":"https:\/\/mail.ton-merckx-wielershirts.nl\/#website","url":"https:\/\/mail.ton-merckx-wielershirts.nl\/","name":"Chemises de cyclisme Ton Merckx - Tour \u00e0 travers le monde des chemises de cyclisme","description":"des milliers de maillots de cyclisme originaux - commandez votre r\u00e9plique !","publisher":{"@id":"https:\/\/mail.ton-merckx-wielershirts.nl\/#organization"},"potentialAction":[{"@type":"SearchAction","target":{"@type":"EntryPoint","urlTemplate":"https:\/\/mail.ton-merckx-wielershirts.nl\/?s={search_term_string}"},"query-input":{"@type":"PropertyValueSpecification","valueRequired":true,"valueName":"search_term_string"}}],"inLanguage":"fr-FR"},{"@type":"Organization","@id":"https:\/\/mail.ton-merckx-wielershirts.nl\/#organization","name":"Chemises de cyclisme Ton Merckx - Tour \u00e0 travers le monde des chemises de cyclisme","url":"https:\/\/mail.ton-merckx-wielershirts.nl\/","logo":{"@type":"ImageObject","inLanguage":"fr-FR","@id":"https:\/\/mail.ton-merckx-wielershirts.nl\/#\/schema\/logo\/image\/","url":"https:\/\/mail.ton-merckx-wielershirts.nl\/wp-content\/uploads\/2023\/03\/ton-merckx-logo.jpg","contentUrl":"https:\/\/mail.ton-merckx-wielershirts.nl\/wp-content\/uploads\/2023\/03\/ton-merckx-logo.jpg","width":391,"height":57,"caption":"Ton Merckx Wielershirts - Rondreis door de wereld van wielershirts"},"image":{"@id":"https:\/\/mail.ton-merckx-wielershirts.nl\/#\/schema\/logo\/image\/"}}]}},"_links":{"self":[{"href":"https:\/\/mail.ton-merckx-wielershirts.nl\/fr\/wp-json\/wp\/v2\/pages\/5257","targetHints":{"allow":["GET"]}}],"collection":[{"href":"https:\/\/mail.ton-merckx-wielershirts.nl\/fr\/wp-json\/wp\/v2\/pages"}],"about":[{"href":"https:\/\/mail.ton-merckx-wielershirts.nl\/fr\/wp-json\/wp\/v2\/types\/page"}],"author":[{"embeddable":true,"href":"https:\/\/mail.ton-merckx-wielershirts.nl\/fr\/wp-json\/wp\/v2\/users\/1"}],"replies":[{"embeddable":true,"href":"https:\/\/mail.ton-merckx-wielershirts.nl\/fr\/wp-json\/wp\/v2\/comments?post=5257"}],"version-history":[{"count":55,"href":"https:\/\/mail.ton-merckx-wielershirts.nl\/fr\/wp-json\/wp\/v2\/pages\/5257\/revisions"}],"predecessor-version":[{"id":27612,"href":"https:\/\/mail.ton-merckx-wielershirts.nl\/fr\/wp-json\/wp\/v2\/pages\/5257\/revisions\/27612"}],"wp:attachment":[{"href":"https:\/\/mail.ton-merckx-wielershirts.nl\/fr\/wp-json\/wp\/v2\/media?parent=5257"}],"curies":[{"name":"wp","href":"https:\/\/api.w.org\/{rel}","templated":true}]}}