{"id":4259,"date":"2023-01-24T18:12:15","date_gmt":"2023-01-24T18:12:15","guid":{"rendered":"https:\/\/ton.connectingminds.net\/product\/televizier-batavus-jack\/"},"modified":"2026-01-28T12:01:49","modified_gmt":"2026-01-28T11:01:49","slug":"chaqueta-de-tv-batavus","status":"publish","type":"product","link":"https:\/\/mail.ton-merckx-wielershirts.nl\/es\/retro-wielershirt\/televizier-batavus-jack\/","title":{"rendered":"CHAQUETA CICLISMO TELEVIZIER-BATAVUS 1964\/1967"},"content":{"rendered":"<p><strong>TELEVIZIER-BATAVUS: El mejor equipo holand\u00e9s de ciclismo de los a\u00f1os sesenta<\/strong><\/p>\n<p>TELEVIZIER-BATAVUS comenz\u00f3 en 1961 como un peque\u00f1o equipo de ciclismo con Televizier como patrocinador, tambi\u00e9n en 1964 el ex ciclista Kees Pellenaars se convirti\u00f3 en l\u00edder del equipo y convirti\u00f3 al equipo en un equipo ciclista exitoso y muy profesional.<\/p>\n<div id=\"attachment_27466\" style=\"width: 208px\" class=\"wp-caption aligncenter\"><img fetchpriority=\"high\" decoding=\"async\" aria-describedby=\"caption-attachment-27466\" class=\"wp-image-27466 size-medium\" src=\"https:\/\/cycling-originals.com\/wp-content\/uploads\/2023\/01\/Televizier-Kees-Pellenaars-Nationaal-Archief-foto-Ron-Kroon-198x300.jpg\" alt=\"Kees Pellenaars - Televisier-Batavus\" width=\"198\" height=\"300\" srcset=\"https:\/\/mail.ton-merckx-wielershirts.nl\/wp-content\/uploads\/2023\/01\/Televizier-Kees-Pellenaars-Nationaal-Archief-foto-Ron-Kroon-198x300.jpg 198w, https:\/\/mail.ton-merckx-wielershirts.nl\/wp-content\/uploads\/2023\/01\/Televizier-Kees-Pellenaars-Nationaal-Archief-foto-Ron-Kroon-scaled-600x910.jpg 600w, https:\/\/mail.ton-merckx-wielershirts.nl\/wp-content\/uploads\/2023\/01\/Televizier-Kees-Pellenaars-Nationaal-Archief-foto-Ron-Kroon-675x1024.jpg 675w, https:\/\/mail.ton-merckx-wielershirts.nl\/wp-content\/uploads\/2023\/01\/Televizier-Kees-Pellenaars-Nationaal-Archief-foto-Ron-Kroon-768x1164.jpg 768w, https:\/\/mail.ton-merckx-wielershirts.nl\/wp-content\/uploads\/2023\/01\/Televizier-Kees-Pellenaars-Nationaal-Archief-foto-Ron-Kroon-1013x1536.jpg 1013w, https:\/\/mail.ton-merckx-wielershirts.nl\/wp-content\/uploads\/2023\/01\/Televizier-Kees-Pellenaars-Nationaal-Archief-foto-Ron-Kroon-1351x2048.jpg 1351w, https:\/\/mail.ton-merckx-wielershirts.nl\/wp-content\/uploads\/2023\/01\/Televizier-Kees-Pellenaars-Nationaal-Archief-foto-Ron-Kroon-8x12.jpg 8w, https:\/\/mail.ton-merckx-wielershirts.nl\/wp-content\/uploads\/2023\/01\/Televizier-Kees-Pellenaars-Nationaal-Archief-foto-Ron-Kroon-scaled.jpg 1688w\" sizes=\"(max-width: 198px) 100vw, 198px\" \/><p id=\"caption-attachment-27466\" class=\"wp-caption-text\"><em>Kees Pelenaars<\/em><\/p><\/div>\n<p>En 1966 y 1967, el equipo Pellenaars corri\u00f3 bajo el nombre TELEVIZIER-BATAVUS, convirti\u00e9ndose en uno de los equipos holandeses m\u00e1s exitosos en el ciclismo profesional. El equipo fue fundado en 1966 como una empresa conjunta entre la gu\u00eda de televisi\u00f3n holandesa Televizier y el fabricante de bicicletas holand\u00e9s Batavus.<\/p>\n<p>El equipo estaba formado por una serie de j\u00f3venes ciclistas prometedores como el ca\u00f1\u00f3n de velocidad Gerben Karstens, Jos Van Der Vleuten, Cees Haast, Henk Nijdam y Jo de Roo. El equipo se convirti\u00f3 r\u00e1pidamente en uno de los equipos m\u00e1s fuertes del pelot\u00f3n y gan\u00f3 varias carreras importantes, incluida la Vuelta a los Pa\u00edses Bajos y la Vuelta a B\u00e9lgica. En 1966 el equipo tambi\u00e9n estuvo muy presente en el Tour de Francia y en 1967 en la Vuelta.<\/p>\n<div id=\"attachment_27467\" style=\"width: 310px\" class=\"wp-caption aligncenter\"><img decoding=\"async\" aria-describedby=\"caption-attachment-27467\" class=\"size-medium wp-image-27467\" src=\"https:\/\/cycling-originals.com\/wp-content\/uploads\/2023\/01\/televizier-batavus-teamcard-1966g-300x188.jpg\" alt=\"Televisor Batavus 1966\" width=\"300\" height=\"188\" srcset=\"https:\/\/mail.ton-merckx-wielershirts.nl\/wp-content\/uploads\/2023\/01\/televizier-batavus-teamcard-1966g-300x188.jpg 300w, https:\/\/mail.ton-merckx-wielershirts.nl\/wp-content\/uploads\/2023\/01\/televizier-batavus-teamcard-1966g-600x377.jpg 600w, https:\/\/mail.ton-merckx-wielershirts.nl\/wp-content\/uploads\/2023\/01\/televizier-batavus-teamcard-1966g-768x482.jpg 768w, https:\/\/mail.ton-merckx-wielershirts.nl\/wp-content\/uploads\/2023\/01\/televizier-batavus-teamcard-1966g-18x12.jpg 18w, https:\/\/mail.ton-merckx-wielershirts.nl\/wp-content\/uploads\/2023\/01\/televizier-batavus-teamcard-1966g.jpg 828w\" sizes=\"(max-width: 300px) 100vw, 300px\" \/><p id=\"caption-attachment-27467\" class=\"wp-caption-text\"><em>Televisor Batavus 1966<\/em><\/p><\/div>\n<p>El \u00e9xito de TELEVIZIER-BATAVUS no se debi\u00f3 \u00fanicamente a logros individuales. El equipo tambi\u00e9n era conocido por su trabajo en equipo fuerte y unido, con ciclistas ayud\u00e1ndose unos a otros para ganar. El equipo tuvo un fuerte tren de velocidad, lo que permiti\u00f3 a Karstens lograr muchas victorias.<\/p>\n<p>Esta es la chaqueta de ciclismo Televizier-Batavus original de 1966.<\/p>\n<p style=\"text-align: center;\"><img decoding=\"async\" class=\"alignnone wp-image-31904 size-large\" src=\"https:\/\/mail.ton-merckx-wielershirts.nl\/wp-content\/uploads\/2023\/01\/televizier-batavus-team-1024x675.jpg\" alt=\"televisi\u00f3n\" width=\"1024\" height=\"675\" srcset=\"https:\/\/mail.ton-merckx-wielershirts.nl\/wp-content\/uploads\/2023\/01\/televizier-batavus-team-1024x675.jpg 1024w, https:\/\/mail.ton-merckx-wielershirts.nl\/wp-content\/uploads\/2023\/01\/televizier-batavus-team-300x198.jpg 300w, https:\/\/mail.ton-merckx-wielershirts.nl\/wp-content\/uploads\/2023\/01\/televizier-batavus-team-768x507.jpg 768w, https:\/\/mail.ton-merckx-wielershirts.nl\/wp-content\/uploads\/2023\/01\/televizier-batavus-team-1536x1013.jpg 1536w, https:\/\/mail.ton-merckx-wielershirts.nl\/wp-content\/uploads\/2023\/01\/televizier-batavus-team-2048x1351.jpg 2048w, https:\/\/mail.ton-merckx-wielershirts.nl\/wp-content\/uploads\/2023\/01\/televizier-batavus-team-18x12.jpg 18w, https:\/\/mail.ton-merckx-wielershirts.nl\/wp-content\/uploads\/2023\/01\/televizier-batavus-team-600x396.jpg 600w\" sizes=\"(max-width: 1024px) 100vw, 1024px\" \/><\/p>","protected":false},"excerpt":{"rendered":"<p>TELEVIZIER-BATAVUS: De Nederlandse Top Wielerploeg uit de Jaren 60 TELEVIZIER-BATAVUS startte in 1961 als kleine wielerploeg met als sponsor Televizier, ook in 1964 werd voormalig wielrenner Kees Pellenaars ploegleider, hij bouwde de ploeg uit naar een succesvolle en zeer professionele wielerploeg. In 1966 en 1967 reed de ploeg van Pellenaars onder de naam TELEVIZIER-BATAVUS, het [&hellip;]<\/p>\n","protected":false},"featured_media":4258,"template":"","meta":[],"product_brand":[],"product_cat":[151],"product_tag":[],"class_list":{"0":"post-4259","1":"product","2":"type-product","3":"status-publish","4":"has-post-thumbnail","6":"product_cat-pro-team","8":"first","9":"onbackorder","10":"taxable","11":"shipping-taxable","12":"purchasable","13":"product-type-variable"},"yoast_head":"<!-- This site is optimized with the Yoast SEO plugin v27.4 - https:\/\/yoast.com\/product\/yoast-seo-wordpress\/ -->\n<title>TELEVIZIER-BATAVUS   1964\/1967   WIELERJACK - Ton Merckx Wielershirts - Rondreis door de wereld van wielershirts<\/title>\n<meta name=\"robots\" content=\"index, follow, max-snippet:-1, max-image-preview:large, max-video-preview:-1\" \/>\n<link rel=\"canonical\" href=\"https:\/\/mail.ton-merckx-wielershirts.nl\/es\/maillot-ciclista-retro\/chaqueta-de-tv-batavus\/\" \/>\n<meta property=\"og:locale\" content=\"es_ES\" \/>\n<meta property=\"og:type\" content=\"article\" \/>\n<meta property=\"og:title\" content=\"TELEVIZIER-BATAVUS   1964\/1967   WIELERJACK - Ton Merckx Wielershirts - Rondreis door de wereld van wielershirts\" \/>\n<meta property=\"og:description\" content=\"TELEVIZIER-BATAVUS: De Nederlandse Top Wielerploeg uit de Jaren 60 TELEVIZIER-BATAVUS startte in 1961 als kleine wielerploeg met als sponsor Televizier, ook in 1964 werd voormalig wielrenner Kees Pellenaars ploegleider, hij bouwde de ploeg uit naar een succesvolle en zeer professionele wielerploeg. In 1966 en 1967 reed de ploeg van Pellenaars onder de naam TELEVIZIER-BATAVUS, het [&hellip;]\" \/>\n<meta property=\"og:url\" content=\"https:\/\/mail.ton-merckx-wielershirts.nl\/es\/maillot-ciclista-retro\/chaqueta-de-tv-batavus\/\" \/>\n<meta property=\"og:site_name\" content=\"Ton Merckx Wielershirts - Rondreis door de wereld van wielershirts\" \/>\n<meta property=\"article:modified_time\" content=\"2026-01-28T11:01:49+00:00\" \/>\n<meta property=\"og:image\" content=\"https:\/\/mail.ton-merckx-wielershirts.nl\/wp-content\/uploads\/2023\/01\/SSA42741.jpg\" \/>\n\t<meta property=\"og:image:width\" content=\"1704\" \/>\n\t<meta property=\"og:image:height\" content=\"2272\" \/>\n\t<meta property=\"og:image:type\" content=\"image\/jpeg\" \/>\n<meta name=\"twitter:card\" content=\"summary_large_image\" \/>\n<meta name=\"twitter:label1\" content=\"Tiempo de lectura\" \/>\n\t<meta name=\"twitter:data1\" content=\"2 minutos\" \/>\n<script type=\"application\/ld+json\" class=\"yoast-schema-graph\">{\"@context\":\"https:\\\/\\\/schema.org\",\"@graph\":[{\"@type\":\"WebPage\",\"@id\":\"https:\\\/\\\/mail.ton-merckx-wielershirts.nl\\\/retro-wielershirt\\\/televizier-batavus-jack\\\/\",\"url\":\"https:\\\/\\\/mail.ton-merckx-wielershirts.nl\\\/retro-wielershirt\\\/televizier-batavus-jack\\\/\",\"name\":\"TELEVIZIER-BATAVUS 1964\\\/1967 WIELERJACK - Ton Merckx Wielershirts - Rondreis door de wereld van wielershirts\",\"isPartOf\":{\"@id\":\"https:\\\/\\\/tonmerckxwielershirts.nl\\\/es\\\/#website\"},\"primaryImageOfPage\":{\"@id\":\"https:\\\/\\\/mail.ton-merckx-wielershirts.nl\\\/retro-wielershirt\\\/televizier-batavus-jack\\\/#primaryimage\"},\"image\":{\"@id\":\"https:\\\/\\\/mail.ton-merckx-wielershirts.nl\\\/retro-wielershirt\\\/televizier-batavus-jack\\\/#primaryimage\"},\"thumbnailUrl\":\"https:\\\/\\\/mail.ton-merckx-wielershirts.nl\\\/wp-content\\\/uploads\\\/2023\\\/01\\\/SSA42741.jpg\",\"datePublished\":\"2023-01-24T18:12:15+00:00\",\"dateModified\":\"2026-01-28T11:01:49+00:00\",\"breadcrumb\":{\"@id\":\"https:\\\/\\\/mail.ton-merckx-wielershirts.nl\\\/retro-wielershirt\\\/televizier-batavus-jack\\\/#breadcrumb\"},\"inLanguage\":\"es\",\"potentialAction\":[{\"@type\":\"ReadAction\",\"target\":[\"https:\\\/\\\/mail.ton-merckx-wielershirts.nl\\\/retro-wielershirt\\\/televizier-batavus-jack\\\/\"]}]},{\"@type\":\"ImageObject\",\"inLanguage\":\"es\",\"@id\":\"https:\\\/\\\/mail.ton-merckx-wielershirts.nl\\\/retro-wielershirt\\\/televizier-batavus-jack\\\/#primaryimage\",\"url\":\"https:\\\/\\\/mail.ton-merckx-wielershirts.nl\\\/wp-content\\\/uploads\\\/2023\\\/01\\\/SSA42741.jpg\",\"contentUrl\":\"https:\\\/\\\/mail.ton-merckx-wielershirts.nl\\\/wp-content\\\/uploads\\\/2023\\\/01\\\/SSA42741.jpg\",\"width\":1704,\"height\":2272},{\"@type\":\"BreadcrumbList\",\"@id\":\"https:\\\/\\\/mail.ton-merckx-wielershirts.nl\\\/retro-wielershirt\\\/televizier-batavus-jack\\\/#breadcrumb\",\"itemListElement\":[{\"@type\":\"ListItem\",\"position\":1,\"name\":\"Home\",\"item\":\"https:\\\/\\\/tonmerckxwielershirts.nl\\\/es\\\/\"},{\"@type\":\"ListItem\",\"position\":2,\"name\":\"Retro wielershirts\",\"item\":\"https:\\\/\\\/tonmerckxwielershirts.nl\\\/es\\\/camisetas-de-ciclismo-retro\\\/\"},{\"@type\":\"ListItem\",\"position\":3,\"name\":\"TELEVIZIER-BATAVUS 1964\\\/1967 WIELERJACK\"}]},{\"@type\":\"WebSite\",\"@id\":\"https:\\\/\\\/tonmerckxwielershirts.nl\\\/es\\\/#website\",\"url\":\"https:\\\/\\\/tonmerckxwielershirts.nl\\\/es\\\/\",\"name\":\"Ton Merckx Wielershirts - Rondreis door de wereld van wielershirts\",\"description\":\"thousands of original cycling jerseys - order your replica!\",\"publisher\":{\"@id\":\"https:\\\/\\\/tonmerckxwielershirts.nl\\\/es\\\/#organization\"},\"potentialAction\":[{\"@type\":\"SearchAction\",\"target\":{\"@type\":\"EntryPoint\",\"urlTemplate\":\"https:\\\/\\\/tonmerckxwielershirts.nl\\\/es\\\/?s={search_term_string}\"},\"query-input\":{\"@type\":\"PropertyValueSpecification\",\"valueRequired\":true,\"valueName\":\"search_term_string\"}}],\"inLanguage\":\"es\"},{\"@type\":\"Organization\",\"@id\":\"https:\\\/\\\/tonmerckxwielershirts.nl\\\/es\\\/#organization\",\"name\":\"Ton Merckx Wielershirts - Rondreis door de wereld van wielershirts\",\"url\":\"https:\\\/\\\/tonmerckxwielershirts.nl\\\/es\\\/\",\"logo\":{\"@type\":\"ImageObject\",\"inLanguage\":\"es\",\"@id\":\"https:\\\/\\\/tonmerckxwielershirts.nl\\\/es\\\/#\\\/schema\\\/logo\\\/image\\\/\",\"url\":\"https:\\\/\\\/mail.ton-merckx-wielershirts.nl\\\/wp-content\\\/uploads\\\/2023\\\/03\\\/ton-merckx-logo.jpg\",\"contentUrl\":\"https:\\\/\\\/mail.ton-merckx-wielershirts.nl\\\/wp-content\\\/uploads\\\/2023\\\/03\\\/ton-merckx-logo.jpg\",\"width\":391,\"height\":57,\"caption\":\"Ton Merckx Wielershirts - Rondreis door de wereld van wielershirts\"},\"image\":{\"@id\":\"https:\\\/\\\/tonmerckxwielershirts.nl\\\/es\\\/#\\\/schema\\\/logo\\\/image\\\/\"}}]}<\/script>\n<!-- \/ Yoast SEO plugin. -->","yoast_head_json":{"title":"CHAQUETA CICLISMO TELEVIZIER-BATAVUS 1964\/1967 - Maillots ciclistas Ton Merckx - Tour por el mundo del maillot ciclista","robots":{"index":"index","follow":"follow","max-snippet":"max-snippet:-1","max-image-preview":"max-image-preview:large","max-video-preview":"max-video-preview:-1"},"canonical":"https:\/\/mail.ton-merckx-wielershirts.nl\/es\/maillot-ciclista-retro\/chaqueta-de-tv-batavus\/","og_locale":"es_ES","og_type":"article","og_title":"TELEVIZIER-BATAVUS   1964\/1967   WIELERJACK - Ton Merckx Wielershirts - Rondreis door de wereld van wielershirts","og_description":"TELEVIZIER-BATAVUS: De Nederlandse Top Wielerploeg uit de Jaren 60 TELEVIZIER-BATAVUS startte in 1961 als kleine wielerploeg met als sponsor Televizier, ook in 1964 werd voormalig wielrenner Kees Pellenaars ploegleider, hij bouwde de ploeg uit naar een succesvolle en zeer professionele wielerploeg. In 1966 en 1967 reed de ploeg van Pellenaars onder de naam TELEVIZIER-BATAVUS, het [&hellip;]","og_url":"https:\/\/mail.ton-merckx-wielershirts.nl\/es\/maillot-ciclista-retro\/chaqueta-de-tv-batavus\/","og_site_name":"Ton Merckx Wielershirts - Rondreis door de wereld van wielershirts","article_modified_time":"2026-01-28T11:01:49+00:00","og_image":[{"width":1704,"height":2272,"url":"https:\/\/mail.ton-merckx-wielershirts.nl\/wp-content\/uploads\/2023\/01\/SSA42741.jpg","type":"image\/jpeg"}],"twitter_card":"summary_large_image","twitter_misc":{"Tiempo de lectura":"2 minutos"},"schema":{"@context":"https:\/\/schema.org","@graph":[{"@type":"WebPage","@id":"https:\/\/mail.ton-merckx-wielershirts.nl\/retro-wielershirt\/televizier-batavus-jack\/","url":"https:\/\/mail.ton-merckx-wielershirts.nl\/retro-wielershirt\/televizier-batavus-jack\/","name":"CHAQUETA CICLISMO TELEVIZIER-BATAVUS 1964\/1967 - Maillots ciclistas Ton Merckx - Tour por el mundo del maillot ciclista","isPartOf":{"@id":"https:\/\/tonmerckxwielershirts.nl\/es\/#website"},"primaryImageOfPage":{"@id":"https:\/\/mail.ton-merckx-wielershirts.nl\/retro-wielershirt\/televizier-batavus-jack\/#primaryimage"},"image":{"@id":"https:\/\/mail.ton-merckx-wielershirts.nl\/retro-wielershirt\/televizier-batavus-jack\/#primaryimage"},"thumbnailUrl":"https:\/\/mail.ton-merckx-wielershirts.nl\/wp-content\/uploads\/2023\/01\/SSA42741.jpg","datePublished":"2023-01-24T18:12:15+00:00","dateModified":"2026-01-28T11:01:49+00:00","breadcrumb":{"@id":"https:\/\/mail.ton-merckx-wielershirts.nl\/retro-wielershirt\/televizier-batavus-jack\/#breadcrumb"},"inLanguage":"es","potentialAction":[{"@type":"ReadAction","target":["https:\/\/mail.ton-merckx-wielershirts.nl\/retro-wielershirt\/televizier-batavus-jack\/"]}]},{"@type":"ImageObject","inLanguage":"es","@id":"https:\/\/mail.ton-merckx-wielershirts.nl\/retro-wielershirt\/televizier-batavus-jack\/#primaryimage","url":"https:\/\/mail.ton-merckx-wielershirts.nl\/wp-content\/uploads\/2023\/01\/SSA42741.jpg","contentUrl":"https:\/\/mail.ton-merckx-wielershirts.nl\/wp-content\/uploads\/2023\/01\/SSA42741.jpg","width":1704,"height":2272},{"@type":"BreadcrumbList","@id":"https:\/\/mail.ton-merckx-wielershirts.nl\/retro-wielershirt\/televizier-batavus-jack\/#breadcrumb","itemListElement":[{"@type":"ListItem","position":1,"name":"Home","item":"https:\/\/tonmerckxwielershirts.nl\/es\/"},{"@type":"ListItem","position":2,"name":"Retro wielershirts","item":"https:\/\/tonmerckxwielershirts.nl\/es\/camisetas-de-ciclismo-retro\/"},{"@type":"ListItem","position":3,"name":"TELEVIZIER-BATAVUS 1964\/1967 WIELERJACK"}]},{"@type":"WebSite","@id":"https:\/\/tonmerckxwielershirts.nl\/es\/#website","url":"https:\/\/tonmerckxwielershirts.nl\/es\/","name":"Camisetas ciclistas Ton Merckx - Recorrido por el mundo de las camisetas ciclistas","description":"miles de maillots ciclistas originales - \u00a1pide tu r\u00e9plica!","publisher":{"@id":"https:\/\/tonmerckxwielershirts.nl\/es\/#organization"},"potentialAction":[{"@type":"SearchAction","target":{"@type":"EntryPoint","urlTemplate":"https:\/\/tonmerckxwielershirts.nl\/es\/?s={search_term_string}"},"query-input":{"@type":"PropertyValueSpecification","valueRequired":true,"valueName":"search_term_string"}}],"inLanguage":"es"},{"@type":"Organization","@id":"https:\/\/tonmerckxwielershirts.nl\/es\/#organization","name":"Camisetas ciclistas Ton Merckx - Recorrido por el mundo de las camisetas ciclistas","url":"https:\/\/tonmerckxwielershirts.nl\/es\/","logo":{"@type":"ImageObject","inLanguage":"es","@id":"https:\/\/tonmerckxwielershirts.nl\/es\/#\/schema\/logo\/image\/","url":"https:\/\/mail.ton-merckx-wielershirts.nl\/wp-content\/uploads\/2023\/03\/ton-merckx-logo.jpg","contentUrl":"https:\/\/mail.ton-merckx-wielershirts.nl\/wp-content\/uploads\/2023\/03\/ton-merckx-logo.jpg","width":391,"height":57,"caption":"Ton Merckx Wielershirts - Rondreis door de wereld van wielershirts"},"image":{"@id":"https:\/\/tonmerckxwielershirts.nl\/es\/#\/schema\/logo\/image\/"}}]}},"_links":{"self":[{"href":"https:\/\/mail.ton-merckx-wielershirts.nl\/es\/wp-json\/wp\/v2\/product\/4259","targetHints":{"allow":["GET"]}}],"collection":[{"href":"https:\/\/mail.ton-merckx-wielershirts.nl\/es\/wp-json\/wp\/v2\/product"}],"about":[{"href":"https:\/\/mail.ton-merckx-wielershirts.nl\/es\/wp-json\/wp\/v2\/types\/product"}],"wp:featuredmedia":[{"embeddable":true,"href":"https:\/\/mail.ton-merckx-wielershirts.nl\/es\/wp-json\/wp\/v2\/media\/4258"}],"wp:attachment":[{"href":"https:\/\/mail.ton-merckx-wielershirts.nl\/es\/wp-json\/wp\/v2\/media?parent=4259"}],"wp:term":[{"taxonomy":"product_brand","embeddable":true,"href":"https:\/\/mail.ton-merckx-wielershirts.nl\/es\/wp-json\/wp\/v2\/product_brand?post=4259"},{"taxonomy":"product_cat","embeddable":true,"href":"https:\/\/mail.ton-merckx-wielershirts.nl\/es\/wp-json\/wp\/v2\/product_cat?post=4259"},{"taxonomy":"product_tag","embeddable":true,"href":"https:\/\/mail.ton-merckx-wielershirts.nl\/es\/wp-json\/wp\/v2\/product_tag?post=4259"}],"curies":[{"name":"gracias","href":"https:\/\/api.w.org\/{rel}","templated":true}]}}