{"id":3613,"date":"2023-01-24T18:04:36","date_gmt":"2023-01-24T18:04:36","guid":{"rendered":"https:\/\/ton.connectingminds.net\/product\/drifter-ski-shebro\/"},"modified":"2026-01-28T12:02:25","modified_gmt":"2026-01-28T11:02:25","slug":"esqui-drifter-shebro","status":"publish","type":"product","link":"https:\/\/mail.ton-merckx-wielershirts.nl\/es\/retro-wielershirt\/drifter-ski-shebro\/","title":{"rendered":"CAMISETA CICLISMO DRIFTER SKI-SHEBRO 1980"},"content":{"rendered":"<p>Drifter Ski era una especie de equipo sat\u00e9lite de HB Alarm Systems.<\/p>\n<p>En la mayor\u00eda de las listas, 6 corredores aparecen como miembros de este equipo, s\u00f3lo Aldert Jongkind, Ton Zuiker y Jan de Jong han corrido con la camiseta DRIFTER SKI.<\/p>\n<p>La empresa Hoogenboom, que estaba detr\u00e1s de HB Alarmsystemen, era (sobre el papel) el importador de DRIFTER SKI. Sin embargo, eso nunca despeg\u00f3, por lo que los ciclistas anunciaron algo que en realidad no estaba all\u00ed.<\/p>","protected":false},"excerpt":{"rendered":"<p>Drifter ski was een soort van Satelietploeg van HB Alarmsystemen. In de meeste lijsten komen 6 renners voor als zijnde lid van deze ploeg, Slechts Aldert Jongkind, Ton Zuiker en Jan de Jong hebben daadwerkelijk in het DRIFTER SKI shirt gereden. De firma Hoogenboom die achter HB Alarmsystemen zat was (op papier) importeur van DRIFTER [&hellip;]<\/p>\n","protected":false},"featured_media":3612,"template":"","meta":[],"product_brand":[],"product_cat":[151],"product_tag":[],"class_list":{"0":"post-3613","1":"product","2":"type-product","3":"status-publish","4":"has-post-thumbnail","6":"product_cat-pro-team","8":"first","9":"onbackorder","10":"taxable","11":"shipping-taxable","12":"purchasable","13":"product-type-variable"},"yoast_head":"<!-- This site is optimized with the Yoast SEO plugin v27.4 - https:\/\/yoast.com\/product\/yoast-seo-wordpress\/ -->\n<title>DRIFTER SKI-SHEBRO  1980  WIELERSHIRT - Ton Merckx Wielershirts - Rondreis door de wereld van wielershirts<\/title>\n<meta name=\"robots\" content=\"index, follow, max-snippet:-1, max-image-preview:large, max-video-preview:-1\" \/>\n<link rel=\"canonical\" href=\"https:\/\/mail.ton-merckx-wielershirts.nl\/es\/maillot-ciclista-retro\/esqui-drifter-shebro\/\" \/>\n<meta property=\"og:locale\" content=\"es_ES\" \/>\n<meta property=\"og:type\" content=\"article\" \/>\n<meta property=\"og:title\" content=\"DRIFTER SKI-SHEBRO  1980  WIELERSHIRT - Ton Merckx Wielershirts - Rondreis door de wereld van wielershirts\" \/>\n<meta property=\"og:description\" content=\"Drifter ski was een soort van Satelietploeg van HB Alarmsystemen. In de meeste lijsten komen 6 renners voor als zijnde lid van deze ploeg, Slechts Aldert Jongkind, Ton Zuiker en Jan de Jong hebben daadwerkelijk in het DRIFTER SKI shirt gereden. De firma Hoogenboom die achter HB Alarmsystemen zat was (op papier) importeur van DRIFTER [&hellip;]\" \/>\n<meta property=\"og:url\" content=\"https:\/\/mail.ton-merckx-wielershirts.nl\/es\/maillot-ciclista-retro\/esqui-drifter-shebro\/\" \/>\n<meta property=\"og:site_name\" content=\"Ton Merckx Wielershirts - Rondreis door de wereld van wielershirts\" \/>\n<meta property=\"article:modified_time\" content=\"2026-01-28T11:02:25+00:00\" \/>\n<meta property=\"og:image\" content=\"https:\/\/mail.ton-merckx-wielershirts.nl\/wp-content\/uploads\/2023\/01\/SSA42014.jpg\" \/>\n\t<meta property=\"og:image:width\" content=\"1704\" \/>\n\t<meta property=\"og:image:height\" content=\"2272\" \/>\n\t<meta property=\"og:image:type\" content=\"image\/jpeg\" \/>\n<meta name=\"twitter:card\" content=\"summary_large_image\" \/>\n<meta name=\"twitter:label1\" content=\"Tiempo de lectura\" \/>\n\t<meta name=\"twitter:data1\" content=\"1 minuto\" \/>\n<script type=\"application\/ld+json\" class=\"yoast-schema-graph\">{\"@context\":\"https:\\\/\\\/schema.org\",\"@graph\":[{\"@type\":\"WebPage\",\"@id\":\"https:\\\/\\\/mail.ton-merckx-wielershirts.nl\\\/de\\\/retro-radtrikot\\\/drifter-ski-shebro\\\/\",\"url\":\"https:\\\/\\\/mail.ton-merckx-wielershirts.nl\\\/de\\\/retro-radtrikot\\\/drifter-ski-shebro\\\/\",\"name\":\"DRIFTER SKI-SHEBRO 1980 WIELERSHIRT - Ton Merckx Wielershirts - Rondreis door de wereld van wielershirts\",\"isPartOf\":{\"@id\":\"https:\\\/\\\/vintagecycling.store\\\/pt\\\/#website\"},\"primaryImageOfPage\":{\"@id\":\"https:\\\/\\\/mail.ton-merckx-wielershirts.nl\\\/de\\\/retro-radtrikot\\\/drifter-ski-shebro\\\/#primaryimage\"},\"image\":{\"@id\":\"https:\\\/\\\/mail.ton-merckx-wielershirts.nl\\\/de\\\/retro-radtrikot\\\/drifter-ski-shebro\\\/#primaryimage\"},\"thumbnailUrl\":\"https:\\\/\\\/mail.ton-merckx-wielershirts.nl\\\/wp-content\\\/uploads\\\/2023\\\/01\\\/SSA42014.jpg\",\"datePublished\":\"2023-01-24T18:04:36+00:00\",\"dateModified\":\"2026-01-28T11:02:25+00:00\",\"breadcrumb\":{\"@id\":\"https:\\\/\\\/mail.ton-merckx-wielershirts.nl\\\/de\\\/retro-radtrikot\\\/drifter-ski-shebro\\\/#breadcrumb\"},\"inLanguage\":\"es\",\"potentialAction\":[{\"@type\":\"ReadAction\",\"target\":[\"https:\\\/\\\/mail.ton-merckx-wielershirts.nl\\\/de\\\/retro-radtrikot\\\/drifter-ski-shebro\\\/\"]}]},{\"@type\":\"ImageObject\",\"inLanguage\":\"es\",\"@id\":\"https:\\\/\\\/mail.ton-merckx-wielershirts.nl\\\/de\\\/retro-radtrikot\\\/drifter-ski-shebro\\\/#primaryimage\",\"url\":\"https:\\\/\\\/mail.ton-merckx-wielershirts.nl\\\/wp-content\\\/uploads\\\/2023\\\/01\\\/SSA42014.jpg\",\"contentUrl\":\"https:\\\/\\\/mail.ton-merckx-wielershirts.nl\\\/wp-content\\\/uploads\\\/2023\\\/01\\\/SSA42014.jpg\",\"width\":1704,\"height\":2272},{\"@type\":\"BreadcrumbList\",\"@id\":\"https:\\\/\\\/mail.ton-merckx-wielershirts.nl\\\/de\\\/retro-radtrikot\\\/drifter-ski-shebro\\\/#breadcrumb\",\"itemListElement\":[{\"@type\":\"ListItem\",\"position\":1,\"name\":\"Home\",\"item\":\"https:\\\/\\\/vintagecycling.store\\\/pt\\\/\"},{\"@type\":\"ListItem\",\"position\":2,\"name\":\"Retro wielershirts\",\"item\":\"https:\\\/\\\/vintagecycling.store\\\/pt\\\/camisas-de-ciclismo-retro\\\/\"},{\"@type\":\"ListItem\",\"position\":3,\"name\":\"DRIFTER SKI-SHEBRO 1980 WIELERSHIRT\"}]},{\"@type\":\"WebSite\",\"@id\":\"https:\\\/\\\/vintagecycling.store\\\/pt\\\/#website\",\"url\":\"https:\\\/\\\/vintagecycling.store\\\/pt\\\/\",\"name\":\"Ton Merckx Wielershirts - Rondreis door de wereld van wielershirts\",\"description\":\"thousands of original cycling jerseys - order your replica!\",\"publisher\":{\"@id\":\"https:\\\/\\\/vintagecycling.store\\\/pt\\\/#organization\"},\"potentialAction\":[{\"@type\":\"SearchAction\",\"target\":{\"@type\":\"EntryPoint\",\"urlTemplate\":\"https:\\\/\\\/vintagecycling.store\\\/pt\\\/?s={search_term_string}\"},\"query-input\":{\"@type\":\"PropertyValueSpecification\",\"valueRequired\":true,\"valueName\":\"search_term_string\"}}],\"inLanguage\":\"es\"},{\"@type\":\"Organization\",\"@id\":\"https:\\\/\\\/vintagecycling.store\\\/pt\\\/#organization\",\"name\":\"Ton Merckx Wielershirts - Rondreis door de wereld van wielershirts\",\"url\":\"https:\\\/\\\/vintagecycling.store\\\/pt\\\/\",\"logo\":{\"@type\":\"ImageObject\",\"inLanguage\":\"es\",\"@id\":\"https:\\\/\\\/vintagecycling.store\\\/pt\\\/#\\\/schema\\\/logo\\\/image\\\/\",\"url\":\"https:\\\/\\\/mail.ton-merckx-wielershirts.nl\\\/wp-content\\\/uploads\\\/2023\\\/03\\\/ton-merckx-logo.jpg\",\"contentUrl\":\"https:\\\/\\\/mail.ton-merckx-wielershirts.nl\\\/wp-content\\\/uploads\\\/2023\\\/03\\\/ton-merckx-logo.jpg\",\"width\":391,\"height\":57,\"caption\":\"Ton Merckx Wielershirts - Rondreis door de wereld van wielershirts\"},\"image\":{\"@id\":\"https:\\\/\\\/vintagecycling.store\\\/pt\\\/#\\\/schema\\\/logo\\\/image\\\/\"}}]}<\/script>\n<!-- \/ Yoast SEO plugin. -->","yoast_head_json":{"title":"CAMISETA CICLISMO DRIFTER SKI-SHEBRO 1980 - Maillots ciclistas Ton Merckx - Recorrido por el mundo del maillot ciclista","robots":{"index":"index","follow":"follow","max-snippet":"max-snippet:-1","max-image-preview":"max-image-preview:large","max-video-preview":"max-video-preview:-1"},"canonical":"https:\/\/mail.ton-merckx-wielershirts.nl\/es\/maillot-ciclista-retro\/esqui-drifter-shebro\/","og_locale":"es_ES","og_type":"article","og_title":"DRIFTER SKI-SHEBRO  1980  WIELERSHIRT - Ton Merckx Wielershirts - Rondreis door de wereld van wielershirts","og_description":"Drifter ski was een soort van Satelietploeg van HB Alarmsystemen. In de meeste lijsten komen 6 renners voor als zijnde lid van deze ploeg, Slechts Aldert Jongkind, Ton Zuiker en Jan de Jong hebben daadwerkelijk in het DRIFTER SKI shirt gereden. De firma Hoogenboom die achter HB Alarmsystemen zat was (op papier) importeur van DRIFTER [&hellip;]","og_url":"https:\/\/mail.ton-merckx-wielershirts.nl\/es\/maillot-ciclista-retro\/esqui-drifter-shebro\/","og_site_name":"Ton Merckx Wielershirts - Rondreis door de wereld van wielershirts","article_modified_time":"2026-01-28T11:02:25+00:00","og_image":[{"width":1704,"height":2272,"url":"https:\/\/mail.ton-merckx-wielershirts.nl\/wp-content\/uploads\/2023\/01\/SSA42014.jpg","type":"image\/jpeg"}],"twitter_card":"summary_large_image","twitter_misc":{"Tiempo de lectura":"1 minuto"},"schema":{"@context":"https:\/\/schema.org","@graph":[{"@type":"WebPage","@id":"https:\/\/mail.ton-merckx-wielershirts.nl\/de\/retro-radtrikot\/drifter-ski-shebro\/","url":"https:\/\/mail.ton-merckx-wielershirts.nl\/de\/retro-radtrikot\/drifter-ski-shebro\/","name":"CAMISETA CICLISMO DRIFTER SKI-SHEBRO 1980 - Maillots ciclistas Ton Merckx - Recorrido por el mundo del maillot ciclista","isPartOf":{"@id":"https:\/\/vintagecycling.store\/pt\/#website"},"primaryImageOfPage":{"@id":"https:\/\/mail.ton-merckx-wielershirts.nl\/de\/retro-radtrikot\/drifter-ski-shebro\/#primaryimage"},"image":{"@id":"https:\/\/mail.ton-merckx-wielershirts.nl\/de\/retro-radtrikot\/drifter-ski-shebro\/#primaryimage"},"thumbnailUrl":"https:\/\/mail.ton-merckx-wielershirts.nl\/wp-content\/uploads\/2023\/01\/SSA42014.jpg","datePublished":"2023-01-24T18:04:36+00:00","dateModified":"2026-01-28T11:02:25+00:00","breadcrumb":{"@id":"https:\/\/mail.ton-merckx-wielershirts.nl\/de\/retro-radtrikot\/drifter-ski-shebro\/#breadcrumb"},"inLanguage":"es","potentialAction":[{"@type":"ReadAction","target":["https:\/\/mail.ton-merckx-wielershirts.nl\/de\/retro-radtrikot\/drifter-ski-shebro\/"]}]},{"@type":"ImageObject","inLanguage":"es","@id":"https:\/\/mail.ton-merckx-wielershirts.nl\/de\/retro-radtrikot\/drifter-ski-shebro\/#primaryimage","url":"https:\/\/mail.ton-merckx-wielershirts.nl\/wp-content\/uploads\/2023\/01\/SSA42014.jpg","contentUrl":"https:\/\/mail.ton-merckx-wielershirts.nl\/wp-content\/uploads\/2023\/01\/SSA42014.jpg","width":1704,"height":2272},{"@type":"BreadcrumbList","@id":"https:\/\/mail.ton-merckx-wielershirts.nl\/de\/retro-radtrikot\/drifter-ski-shebro\/#breadcrumb","itemListElement":[{"@type":"ListItem","position":1,"name":"Home","item":"https:\/\/vintagecycling.store\/pt\/"},{"@type":"ListItem","position":2,"name":"Retro wielershirts","item":"https:\/\/vintagecycling.store\/pt\/camisas-de-ciclismo-retro\/"},{"@type":"ListItem","position":3,"name":"DRIFTER SKI-SHEBRO 1980 WIELERSHIRT"}]},{"@type":"WebSite","@id":"https:\/\/vintagecycling.store\/pt\/#website","url":"https:\/\/vintagecycling.store\/pt\/","name":"Camisetas ciclistas Ton Merckx - Recorrido por el mundo de las camisetas ciclistas","description":"miles de maillots ciclistas originales - \u00a1pide tu r\u00e9plica!","publisher":{"@id":"https:\/\/vintagecycling.store\/pt\/#organization"},"potentialAction":[{"@type":"SearchAction","target":{"@type":"EntryPoint","urlTemplate":"https:\/\/vintagecycling.store\/pt\/?s={search_term_string}"},"query-input":{"@type":"PropertyValueSpecification","valueRequired":true,"valueName":"search_term_string"}}],"inLanguage":"es"},{"@type":"Organization","@id":"https:\/\/vintagecycling.store\/pt\/#organization","name":"Camisetas ciclistas Ton Merckx - Recorrido por el mundo de las camisetas ciclistas","url":"https:\/\/vintagecycling.store\/pt\/","logo":{"@type":"ImageObject","inLanguage":"es","@id":"https:\/\/vintagecycling.store\/pt\/#\/schema\/logo\/image\/","url":"https:\/\/mail.ton-merckx-wielershirts.nl\/wp-content\/uploads\/2023\/03\/ton-merckx-logo.jpg","contentUrl":"https:\/\/mail.ton-merckx-wielershirts.nl\/wp-content\/uploads\/2023\/03\/ton-merckx-logo.jpg","width":391,"height":57,"caption":"Ton Merckx Wielershirts - Rondreis door de wereld van wielershirts"},"image":{"@id":"https:\/\/vintagecycling.store\/pt\/#\/schema\/logo\/image\/"}}]}},"_links":{"self":[{"href":"https:\/\/mail.ton-merckx-wielershirts.nl\/es\/wp-json\/wp\/v2\/product\/3613","targetHints":{"allow":["GET"]}}],"collection":[{"href":"https:\/\/mail.ton-merckx-wielershirts.nl\/es\/wp-json\/wp\/v2\/product"}],"about":[{"href":"https:\/\/mail.ton-merckx-wielershirts.nl\/es\/wp-json\/wp\/v2\/types\/product"}],"wp:featuredmedia":[{"embeddable":true,"href":"https:\/\/mail.ton-merckx-wielershirts.nl\/es\/wp-json\/wp\/v2\/media\/3612"}],"wp:attachment":[{"href":"https:\/\/mail.ton-merckx-wielershirts.nl\/es\/wp-json\/wp\/v2\/media?parent=3613"}],"wp:term":[{"taxonomy":"product_brand","embeddable":true,"href":"https:\/\/mail.ton-merckx-wielershirts.nl\/es\/wp-json\/wp\/v2\/product_brand?post=3613"},{"taxonomy":"product_cat","embeddable":true,"href":"https:\/\/mail.ton-merckx-wielershirts.nl\/es\/wp-json\/wp\/v2\/product_cat?post=3613"},{"taxonomy":"product_tag","embeddable":true,"href":"https:\/\/mail.ton-merckx-wielershirts.nl\/es\/wp-json\/wp\/v2\/product_tag?post=3613"}],"curies":[{"name":"gracias","href":"https:\/\/api.w.org\/{rel}","templated":true}]}}