{"id":27054,"date":"2023-03-29T13:06:20","date_gmt":"2023-03-29T13:06:20","guid":{"rendered":"https:\/\/ton.connectingminds.net\/?page_id=27054"},"modified":"2024-02-22T13:33:40","modified_gmt":"2024-02-22T12:33:40","slug":"servicio-al-cliente","status":"publish","type":"page","link":"https:\/\/mail.ton-merckx-wielershirts.nl\/es\/klantenservice\/","title":{"rendered":"Servicio al Cliente"},"content":{"rendered":"<div data-elementor-type=\"wp-page\" data-elementor-id=\"27054\" class=\"elementor elementor-27054\">\n\t\t\t\t\t\t<section class=\"elementor-section elementor-top-section elementor-element elementor-element-49048cd elementor-section-boxed elementor-section-height-default elementor-section-height-default\" data-id=\"49048cd\" data-element_type=\"section\" data-e-type=\"section\">\n\t\t\t\t\t\t<div class=\"elementor-container elementor-column-gap-default\">\n\t\t\t\t\t<div class=\"elementor-column elementor-col-100 elementor-top-column elementor-element elementor-element-50aa614\" data-id=\"50aa614\" data-element_type=\"column\" data-e-type=\"column\">\n\t\t\t<div class=\"elementor-widget-wrap elementor-element-populated\">\n\t\t\t\t\t\t<div class=\"elementor-element elementor-element-14eeed3 elementor-widget elementor-widget-heading\" data-id=\"14eeed3\" data-element_type=\"widget\" data-e-type=\"widget\" id=\"terms-conditions\" data-widget_type=\"heading.default\">\n\t\t\t\t<div class=\"elementor-widget-container\">\n\t\t\t\t\t<h2 class=\"elementor-heading-title elementor-size-default\">T\u00e9rminos y condiciones<\/h2>\t\t\t\t<\/div>\n\t\t\t\t<\/div>\n\t\t\t\t<div class=\"elementor-element elementor-element-bcd8cf9 elementor-widget elementor-widget-text-editor\" data-id=\"bcd8cf9\" data-element_type=\"widget\" data-e-type=\"widget\" data-widget_type=\"text-editor.default\">\n\t\t\t\t<div class=\"elementor-widget-container\">\n\t\t\t\t\t\t\t\t\t<p>Al realizar un pedido, pides hacer una r\u00e9plica de una ropa de ciclismo original. En este proceso, se utiliza tanto una copia fotogr\u00e1fica como un procesamiento manual para crear una plantilla adecuada para la ropa b\u00e1sica de ciclismo. Varios aspectos, como la desviaci\u00f3n de modelos b\u00e1sicos, la conversi\u00f3n de elementos gr\u00e1ficos, la eliminaci\u00f3n de marcas de ropa y decoloraci\u00f3n, juegan un papel en esto, dando como resultado un <strong>producto personalizado<\/strong>.<\/p><p>No existe derecho de desistimiento para productos personalizados. Esto significa que no es posible devolver productos personalizados. Solo en caso de <b>negligencia evidente<\/b> el encargado puede ser declarado en mora en la tramitaci\u00f3n de la cesi\u00f3n, entonces puede presentar una reclamaci\u00f3n a trav\u00e9s de este formulario.<\/p><p>Le recomendamos que lea atentamente la descripci\u00f3n del proceso antes de pedir un producto personalizado. Si tiene alguna pregunta sobre nuestros productos personalizados, no dude en contactarnos.<\/p><p>Nuestros t\u00e9rminos y condiciones se pueden descargar aqu\u00ed &gt;&gt;&gt;<\/p>\t\t\t\t\t\t\t\t<\/div>\n\t\t\t\t<\/div>\n\t\t\t\t<div class=\"elementor-element elementor-element-290d4d9 elementor-widget elementor-widget-heading\" data-id=\"290d4d9\" data-element_type=\"widget\" data-e-type=\"widget\" id=\"delivery-conditions\" data-widget_type=\"heading.default\">\n\t\t\t\t<div class=\"elementor-widget-container\">\n\t\t\t\t\t<h2 class=\"elementor-heading-title elementor-size-default\">Tiempos de entrega<\/h2>\t\t\t\t<\/div>\n\t\t\t\t<\/div>\n\t\t\t\t<div class=\"elementor-element elementor-element-d03a63d elementor-widget elementor-widget-text-editor\" data-id=\"d03a63d\" data-element_type=\"widget\" data-e-type=\"widget\" data-widget_type=\"text-editor.default\">\n\t\t\t\t<div class=\"elementor-widget-container\">\n\t\t\t\t\t\t\t\t\t<p>La entrega es en todo el mundo y en casi todos los oficiales y <a href=\"https:\/\/developers.google.com\/maps\/documentation\/address-validation\">direcciones residenciales verificables<\/a>.<br \/>Los plazos de entrega pueden variar seg\u00fan el pa\u00eds; en promedio, el plazo de entrega despu\u00e9s de realizar un pedido es de 3 a 4 semanas.<\/p>\t\t\t\t\t\t\t\t<\/div>\n\t\t\t\t<\/div>\n\t\t\t\t<div class=\"elementor-element elementor-element-d7e30ca elementor-widget elementor-widget-heading\" data-id=\"d7e30ca\" data-element_type=\"widget\" data-e-type=\"widget\" id=\"not-satisfied\" data-widget_type=\"heading.default\">\n\t\t\t\t<div class=\"elementor-widget-container\">\n\t\t\t\t\t<h2 class=\"elementor-heading-title elementor-size-default\">\u00bfDisgustado?<\/h2>\t\t\t\t<\/div>\n\t\t\t\t<\/div>\n\t\t\t\t<div class=\"elementor-element elementor-element-40deb68 elementor-widget elementor-widget-text-editor\" data-id=\"40deb68\" data-element_type=\"widget\" data-e-type=\"widget\" data-widget_type=\"text-editor.default\">\n\t\t\t\t<div class=\"elementor-widget-container\">\n\t\t\t\t\t\t\t\t\t<p>Si no est\u00e1 satisfecho o tiene alguna queja, inf\u00f3rmelo a nuestro servicio de atenci\u00f3n al cliente. La mejor manera de hacerlo es a trav\u00e9s de nosotros. <a href=\"https:\/\/mail.ton-merckx-wielershirts.nl\/es\/formulario-de-queja\/\">formulario de queja<\/a>. Luego recibir\u00e1 una respuesta dentro de los siete d\u00edas h\u00e1biles.<\/p><p><b><a href=\"https:\/\/mail.ton-merckx-wielershirts.nl\/es\/formulario-de-queja\/\">Formulario de reclamaciones \/ Atenci\u00f3n al cliente &gt;&gt;&gt;<\/a><\/b><\/p><p>\u00bfNo ha sido resuelta su queja despu\u00e9s de contactar con nuestro servicio de atenci\u00f3n al cliente? Entonces puede enviar esto por escrito a:<\/p><p>Conectando Mentes BV<br \/>Attn Servicio de r\u00e9plicas de ciclismo vintage<br \/>Edificio del reloj 254<br \/>5617AC Eindhoven<\/p><p>Env\u00ede su queja, indicando su nombre, direcci\u00f3n, lugar de residencia y n\u00famero de pedido a:<\/p><p>Recibir\u00e1 una respuesta definitiva dentro de los siete d\u00edas h\u00e1biles posteriores a la confirmaci\u00f3n de recepci\u00f3n.<\/p><p>Adem\u00e1s, los consumidores pueden presentar cualquier disputa en l\u00ednea y en su propio idioma al Comit\u00e9 Europeo de Disputas. La Comisi\u00f3n Europea ha creado la plataforma de resoluci\u00f3n de disputas en l\u00ednea (ODR) para este prop\u00f3sito. Puede enviar su queja a trav\u00e9s de este enlace <a href=\"http:\/\/ec.europa.eu\/consumers\/odr\/\" target=\"_blank\" rel=\"noopener\">h<\/a><a href=\"http:\/\/ec.europa.eu\/consumers\/odr\/\" target=\"_blank\" rel=\"noopener\">ttp:\/\/ec.europa.eu\/consumers\/odr\/<\/a>.<\/p><p>Tambi\u00e9n echa un vistazo <a href=\"https:\/\/mail.ton-merckx-wielershirts.nl\/es\/metodo\/\" target=\"_blank\" rel=\"noopener\">m\u00e9todo y condiciones &gt;&gt;&gt;<\/a><\/p>\t\t\t\t\t\t\t\t<\/div>\n\t\t\t\t<\/div>\n\t\t\t\t<div class=\"elementor-element elementor-element-dacb4fe elementor-widget elementor-widget-spacer\" data-id=\"dacb4fe\" data-element_type=\"widget\" data-e-type=\"widget\" data-widget_type=\"spacer.default\">\n\t\t\t\t<div class=\"elementor-widget-container\">\n\t\t\t\t\t\t\t<div class=\"elementor-spacer\">\n\t\t\t<div class=\"elementor-spacer-inner\"><\/div>\n\t\t<\/div>\n\t\t\t\t\t\t<\/div>\n\t\t\t\t<\/div>\n\t\t\t\t\t<\/div>\n\t\t<\/div>\n\t\t\t\t\t<\/div>\n\t\t<\/section>\n\t\t\t\t<\/div>","protected":false},"excerpt":{"rendered":"<p>Algemene voorwaarden Je geeft bij een bestelling opdracht om een replica te vervaardigen van een originele wielerkleding. In dit proces wordt zowel een fotografische kopie als handmatige verwerking gebruikt om een geschikt template te maken voor de basis wielerkleding. Verschillende aspecten, zoals afwijkende basismodellen, omzetting van grafische elementen, verwijdering van kledingmerken en verkleuring, spelen hierbij [&hellip;]<\/p>\n","protected":false},"author":1,"featured_media":0,"parent":0,"menu_order":0,"comment_status":"closed","ping_status":"closed","template":"","meta":{"footnotes":""},"class_list":["post-27054","page","type-page","status-publish","hentry"],"yoast_head":"<!-- This site is optimized with the Yoast SEO plugin v27.4 - https:\/\/yoast.com\/product\/yoast-seo-wordpress\/ -->\n<title>Klantenservice - Ton Merckx Wielershirts - Rondreis door de wereld van wielershirts<\/title>\n<meta name=\"robots\" content=\"index, follow, max-snippet:-1, max-image-preview:large, max-video-preview:-1\" \/>\n<link rel=\"canonical\" href=\"https:\/\/mail.cyclingoriginals.com\/de\/kundendienst\/\" \/>\n<meta property=\"og:locale\" content=\"es_ES\" \/>\n<meta property=\"og:type\" content=\"article\" \/>\n<meta property=\"og:title\" content=\"Klantenservice - Ton Merckx Wielershirts - Rondreis door de wereld van wielershirts\" \/>\n<meta property=\"og:description\" content=\"Algemene voorwaarden Je geeft bij een bestelling opdracht om een replica te vervaardigen van een originele wielerkleding. In dit proces wordt zowel een fotografische kopie als handmatige verwerking gebruikt om een geschikt template te maken voor de basis wielerkleding. Verschillende aspecten, zoals afwijkende basismodellen, omzetting van grafische elementen, verwijdering van kledingmerken en verkleuring, spelen hierbij [&hellip;]\" \/>\n<meta property=\"og:url\" content=\"https:\/\/mail.cyclingoriginals.com\/de\/kundendienst\/\" \/>\n<meta property=\"og:site_name\" content=\"Ton Merckx Wielershirts - Rondreis door de wereld van wielershirts\" \/>\n<meta property=\"article:modified_time\" content=\"2024-02-22T12:33:40+00:00\" \/>\n<meta name=\"twitter:card\" content=\"summary_large_image\" \/>\n<meta name=\"twitter:label1\" content=\"Tiempo de lectura\" \/>\n\t<meta name=\"twitter:data1\" content=\"2 minutos\" \/>\n<script type=\"application\/ld+json\" class=\"yoast-schema-graph\">{\"@context\":\"https:\\\/\\\/schema.org\",\"@graph\":[{\"@type\":\"WebPage\",\"@id\":\"https:\\\/\\\/mail.cyclingoriginals.com\\\/de\\\/kundendienst\\\/\",\"url\":\"https:\\\/\\\/mail.cyclingoriginals.com\\\/de\\\/kundendienst\\\/\",\"name\":\"Klantenservice - Ton Merckx Wielershirts - Rondreis door de wereld van wielershirts\",\"isPartOf\":{\"@id\":\"https:\\\/\\\/mail.ton-merckx-wielershirts.nl\\\/#website\"},\"datePublished\":\"2023-03-29T13:06:20+00:00\",\"dateModified\":\"2024-02-22T12:33:40+00:00\",\"breadcrumb\":{\"@id\":\"https:\\\/\\\/mail.cyclingoriginals.com\\\/de\\\/kundendienst\\\/#breadcrumb\"},\"inLanguage\":\"es\",\"potentialAction\":[{\"@type\":\"ReadAction\",\"target\":[\"https:\\\/\\\/mail.cyclingoriginals.com\\\/de\\\/kundendienst\\\/\"]}]},{\"@type\":\"BreadcrumbList\",\"@id\":\"https:\\\/\\\/mail.cyclingoriginals.com\\\/de\\\/kundendienst\\\/#breadcrumb\",\"itemListElement\":[{\"@type\":\"ListItem\",\"position\":1,\"name\":\"Home\",\"item\":\"https:\\\/\\\/mail.ton-merckx-wielershirts.nl\\\/\"},{\"@type\":\"ListItem\",\"position\":2,\"name\":\"Klantenservice\"}]},{\"@type\":\"WebSite\",\"@id\":\"https:\\\/\\\/mail.ton-merckx-wielershirts.nl\\\/#website\",\"url\":\"https:\\\/\\\/mail.ton-merckx-wielershirts.nl\\\/\",\"name\":\"Ton Merckx Wielershirts - Rondreis door de wereld van wielershirts\",\"description\":\"thousands of original cycling jerseys - order your replica!\",\"publisher\":{\"@id\":\"https:\\\/\\\/mail.ton-merckx-wielershirts.nl\\\/#organization\"},\"potentialAction\":[{\"@type\":\"SearchAction\",\"target\":{\"@type\":\"EntryPoint\",\"urlTemplate\":\"https:\\\/\\\/mail.ton-merckx-wielershirts.nl\\\/?s={search_term_string}\"},\"query-input\":{\"@type\":\"PropertyValueSpecification\",\"valueRequired\":true,\"valueName\":\"search_term_string\"}}],\"inLanguage\":\"es\"},{\"@type\":\"Organization\",\"@id\":\"https:\\\/\\\/mail.ton-merckx-wielershirts.nl\\\/#organization\",\"name\":\"Ton Merckx Wielershirts - Rondreis door de wereld van wielershirts\",\"url\":\"https:\\\/\\\/mail.ton-merckx-wielershirts.nl\\\/\",\"logo\":{\"@type\":\"ImageObject\",\"inLanguage\":\"es\",\"@id\":\"https:\\\/\\\/mail.ton-merckx-wielershirts.nl\\\/#\\\/schema\\\/logo\\\/image\\\/\",\"url\":\"https:\\\/\\\/mail.ton-merckx-wielershirts.nl\\\/wp-content\\\/uploads\\\/2023\\\/03\\\/ton-merckx-logo.jpg\",\"contentUrl\":\"https:\\\/\\\/mail.ton-merckx-wielershirts.nl\\\/wp-content\\\/uploads\\\/2023\\\/03\\\/ton-merckx-logo.jpg\",\"width\":391,\"height\":57,\"caption\":\"Ton Merckx Wielershirts - Rondreis door de wereld van wielershirts\"},\"image\":{\"@id\":\"https:\\\/\\\/mail.ton-merckx-wielershirts.nl\\\/#\\\/schema\\\/logo\\\/image\\\/\"}}]}<\/script>\n<!-- \/ Yoast SEO plugin. -->","yoast_head_json":{"title":"Atenci\u00f3n al cliente - Camisetas ciclistas Ton Merckx - Recorrido por el mundo de las camisetas ciclistas","robots":{"index":"index","follow":"follow","max-snippet":"max-snippet:-1","max-image-preview":"max-image-preview:large","max-video-preview":"max-video-preview:-1"},"canonical":"https:\/\/mail.cyclingoriginals.com\/de\/kundendienst\/","og_locale":"es_ES","og_type":"article","og_title":"Klantenservice - Ton Merckx Wielershirts - Rondreis door de wereld van wielershirts","og_description":"Algemene voorwaarden Je geeft bij een bestelling opdracht om een replica te vervaardigen van een originele wielerkleding. In dit proces wordt zowel een fotografische kopie als handmatige verwerking gebruikt om een geschikt template te maken voor de basis wielerkleding. Verschillende aspecten, zoals afwijkende basismodellen, omzetting van grafische elementen, verwijdering van kledingmerken en verkleuring, spelen hierbij [&hellip;]","og_url":"https:\/\/mail.cyclingoriginals.com\/de\/kundendienst\/","og_site_name":"Ton Merckx Wielershirts - Rondreis door de wereld van wielershirts","article_modified_time":"2024-02-22T12:33:40+00:00","twitter_card":"summary_large_image","twitter_misc":{"Tiempo de lectura":"2 minutos"},"schema":{"@context":"https:\/\/schema.org","@graph":[{"@type":"WebPage","@id":"https:\/\/mail.cyclingoriginals.com\/de\/kundendienst\/","url":"https:\/\/mail.cyclingoriginals.com\/de\/kundendienst\/","name":"Atenci\u00f3n al cliente - Camisetas ciclistas Ton Merckx - Recorrido por el mundo de las camisetas ciclistas","isPartOf":{"@id":"https:\/\/mail.ton-merckx-wielershirts.nl\/#website"},"datePublished":"2023-03-29T13:06:20+00:00","dateModified":"2024-02-22T12:33:40+00:00","breadcrumb":{"@id":"https:\/\/mail.cyclingoriginals.com\/de\/kundendienst\/#breadcrumb"},"inLanguage":"es","potentialAction":[{"@type":"ReadAction","target":["https:\/\/mail.cyclingoriginals.com\/de\/kundendienst\/"]}]},{"@type":"BreadcrumbList","@id":"https:\/\/mail.cyclingoriginals.com\/de\/kundendienst\/#breadcrumb","itemListElement":[{"@type":"ListItem","position":1,"name":"Home","item":"https:\/\/mail.ton-merckx-wielershirts.nl\/"},{"@type":"ListItem","position":2,"name":"Klantenservice"}]},{"@type":"WebSite","@id":"https:\/\/mail.ton-merckx-wielershirts.nl\/#website","url":"https:\/\/mail.ton-merckx-wielershirts.nl\/","name":"Camisetas ciclistas Ton Merckx - Recorrido por el mundo de las camisetas ciclistas","description":"miles de maillots ciclistas originales - \u00a1pide tu r\u00e9plica!","publisher":{"@id":"https:\/\/mail.ton-merckx-wielershirts.nl\/#organization"},"potentialAction":[{"@type":"SearchAction","target":{"@type":"EntryPoint","urlTemplate":"https:\/\/mail.ton-merckx-wielershirts.nl\/?s={search_term_string}"},"query-input":{"@type":"PropertyValueSpecification","valueRequired":true,"valueName":"search_term_string"}}],"inLanguage":"es"},{"@type":"Organization","@id":"https:\/\/mail.ton-merckx-wielershirts.nl\/#organization","name":"Camisetas ciclistas Ton Merckx - Recorrido por el mundo de las camisetas ciclistas","url":"https:\/\/mail.ton-merckx-wielershirts.nl\/","logo":{"@type":"ImageObject","inLanguage":"es","@id":"https:\/\/mail.ton-merckx-wielershirts.nl\/#\/schema\/logo\/image\/","url":"https:\/\/mail.ton-merckx-wielershirts.nl\/wp-content\/uploads\/2023\/03\/ton-merckx-logo.jpg","contentUrl":"https:\/\/mail.ton-merckx-wielershirts.nl\/wp-content\/uploads\/2023\/03\/ton-merckx-logo.jpg","width":391,"height":57,"caption":"Ton Merckx Wielershirts - Rondreis door de wereld van wielershirts"},"image":{"@id":"https:\/\/mail.ton-merckx-wielershirts.nl\/#\/schema\/logo\/image\/"}}]}},"_links":{"self":[{"href":"https:\/\/mail.ton-merckx-wielershirts.nl\/es\/wp-json\/wp\/v2\/pages\/27054","targetHints":{"allow":["GET"]}}],"collection":[{"href":"https:\/\/mail.ton-merckx-wielershirts.nl\/es\/wp-json\/wp\/v2\/pages"}],"about":[{"href":"https:\/\/mail.ton-merckx-wielershirts.nl\/es\/wp-json\/wp\/v2\/types\/page"}],"author":[{"embeddable":true,"href":"https:\/\/mail.ton-merckx-wielershirts.nl\/es\/wp-json\/wp\/v2\/users\/1"}],"replies":[{"embeddable":true,"href":"https:\/\/mail.ton-merckx-wielershirts.nl\/es\/wp-json\/wp\/v2\/comments?post=27054"}],"version-history":[{"count":59,"href":"https:\/\/mail.ton-merckx-wielershirts.nl\/es\/wp-json\/wp\/v2\/pages\/27054\/revisions"}],"predecessor-version":[{"id":29207,"href":"https:\/\/mail.ton-merckx-wielershirts.nl\/es\/wp-json\/wp\/v2\/pages\/27054\/revisions\/29207"}],"wp:attachment":[{"href":"https:\/\/mail.ton-merckx-wielershirts.nl\/es\/wp-json\/wp\/v2\/media?parent=27054"}],"curies":[{"name":"gracias","href":"https:\/\/api.w.org\/{rel}","templated":true}]}}