{"id":3729,"date":"2023-01-24T18:06:06","date_gmt":"2023-01-24T18:06:06","guid":{"rendered":"https:\/\/ton.connectingminds.net\/product\/kela\/"},"modified":"2026-01-28T12:02:19","modified_gmt":"2026-01-28T11:02:19","slug":"kela","status":"publish","type":"product","link":"https:\/\/mail.ton-merckx-wielershirts.nl\/de\/retro-wielershirt\/kela\/","title":{"rendered":"KELA (a) 1973 RADFAHREN-HEMD"},"content":{"rendered":"<p>Das rot-wei\u00df-blaue KELA-Trikot wurde von der KNWU zun\u00e4chst nicht genehmigt, da es zu sehr wie ein Trikot des niederl\u00e4ndischen Meisters aussah.<\/p>\n<p>Aufgrund der wei\u00dfen \u00c4rmel und des schwarzen Streifens auf dem Trikot wurde das Trikot anschlie\u00dfend von der KNWU zugelassen.<\/p>","protected":false},"excerpt":{"rendered":"<p>Das rot-wei\u00df-blaue KELA-Trikot wurde von der KNWU zun\u00e4chst nicht genehmigt, da es zu sehr wie ein Trikot des niederl\u00e4ndischen Meisters aussah. Aufgrund der wei\u00dfen \u00c4rmel und des schwarzen Streifens auf dem Hemd wurde das Hemd anschlie\u00dfend von der KNWU zugelassen.<\/p>","protected":false},"featured_media":3728,"template":"","meta":[],"product_brand":[],"product_cat":[151],"product_tag":[],"class_list":{"0":"post-3729","1":"product","2":"type-product","3":"status-publish","4":"has-post-thumbnail","6":"product_cat-pro-team","8":"first","9":"onbackorder","10":"taxable","11":"shipping-taxable","12":"purchasable","13":"product-type-variable"},"yoast_head":"<!-- This site is optimized with the Yoast SEO plugin v27.4 - https:\/\/yoast.com\/product\/yoast-seo-wordpress\/ -->\n<title>KELA (a)  1973   WIELERSHIRT - Ton Merckx Wielershirts - Rondreis door de wereld van wielershirts<\/title>\n<meta name=\"robots\" content=\"index, follow, max-snippet:-1, max-image-preview:large, max-video-preview:-1\" \/>\n<link rel=\"canonical\" href=\"https:\/\/mail.ton-merckx-wielershirts.nl\/de\/retro-radtrikot\/kela\/\" \/>\n<meta property=\"og:locale\" content=\"de_DE\" \/>\n<meta property=\"og:type\" content=\"article\" \/>\n<meta property=\"og:title\" content=\"KELA (a)  1973   WIELERSHIRT - Ton Merckx Wielershirts - Rondreis door de wereld van wielershirts\" \/>\n<meta property=\"og:description\" content=\"Het Rood-wit-blauwe KELA tenue werd in eerste instantie door de KNWU niet goedgekeurd omdat het teveel leek op een Nederlandse Kampioenstrui. Door de witte mouwen en het zwarte streepje op het shirt werd het shirt in tweede instantie wel goedgekeurd door de KNWU.\" \/>\n<meta property=\"og:url\" content=\"https:\/\/mail.ton-merckx-wielershirts.nl\/de\/retro-radtrikot\/kela\/\" \/>\n<meta property=\"og:site_name\" content=\"Ton Merckx Wielershirts - Rondreis door de wereld van wielershirts\" \/>\n<meta property=\"article:modified_time\" content=\"2026-01-28T11:02:19+00:00\" \/>\n<meta property=\"og:image\" content=\"https:\/\/mail.ton-merckx-wielershirts.nl\/wp-content\/uploads\/2023\/01\/SSA42621.jpg\" \/>\n\t<meta property=\"og:image:width\" content=\"1704\" \/>\n\t<meta property=\"og:image:height\" content=\"2272\" \/>\n\t<meta property=\"og:image:type\" content=\"image\/jpeg\" \/>\n<meta name=\"twitter:card\" content=\"summary_large_image\" \/>\n<meta name=\"twitter:label1\" content=\"Gesch\u00e4tzte Lesezeit\" \/>\n\t<meta name=\"twitter:data1\" content=\"1\u00a0Minute\" \/>\n<script type=\"application\/ld+json\" class=\"yoast-schema-graph\">{\"@context\":\"https:\\\/\\\/schema.org\",\"@graph\":[{\"@type\":\"WebPage\",\"@id\":\"https:\\\/\\\/mail.ton-merckx-wielershirts.nl\\\/retro-wielershirt\\\/kela\\\/\",\"url\":\"https:\\\/\\\/mail.ton-merckx-wielershirts.nl\\\/retro-wielershirt\\\/kela\\\/\",\"name\":\"KELA (a) 1973 WIELERSHIRT - Ton Merckx Wielershirts - Rondreis door de wereld van wielershirts\",\"isPartOf\":{\"@id\":\"https:\\\/\\\/mail.ton-merckx-wielershirts.nl\\\/#website\"},\"primaryImageOfPage\":{\"@id\":\"https:\\\/\\\/mail.ton-merckx-wielershirts.nl\\\/retro-wielershirt\\\/kela\\\/#primaryimage\"},\"image\":{\"@id\":\"https:\\\/\\\/mail.ton-merckx-wielershirts.nl\\\/retro-wielershirt\\\/kela\\\/#primaryimage\"},\"thumbnailUrl\":\"https:\\\/\\\/mail.ton-merckx-wielershirts.nl\\\/wp-content\\\/uploads\\\/2023\\\/01\\\/SSA42621.jpg\",\"datePublished\":\"2023-01-24T18:06:06+00:00\",\"dateModified\":\"2026-01-28T11:02:19+00:00\",\"breadcrumb\":{\"@id\":\"https:\\\/\\\/mail.ton-merckx-wielershirts.nl\\\/retro-wielershirt\\\/kela\\\/#breadcrumb\"},\"inLanguage\":\"de\",\"potentialAction\":[{\"@type\":\"ReadAction\",\"target\":[\"https:\\\/\\\/mail.ton-merckx-wielershirts.nl\\\/retro-wielershirt\\\/kela\\\/\"]}]},{\"@type\":\"ImageObject\",\"inLanguage\":\"de\",\"@id\":\"https:\\\/\\\/mail.ton-merckx-wielershirts.nl\\\/retro-wielershirt\\\/kela\\\/#primaryimage\",\"url\":\"https:\\\/\\\/mail.ton-merckx-wielershirts.nl\\\/wp-content\\\/uploads\\\/2023\\\/01\\\/SSA42621.jpg\",\"contentUrl\":\"https:\\\/\\\/mail.ton-merckx-wielershirts.nl\\\/wp-content\\\/uploads\\\/2023\\\/01\\\/SSA42621.jpg\",\"width\":1704,\"height\":2272},{\"@type\":\"BreadcrumbList\",\"@id\":\"https:\\\/\\\/mail.ton-merckx-wielershirts.nl\\\/retro-wielershirt\\\/kela\\\/#breadcrumb\",\"itemListElement\":[{\"@type\":\"ListItem\",\"position\":1,\"name\":\"Home\",\"item\":\"https:\\\/\\\/mail.ton-merckx-wielershirts.nl\\\/\"},{\"@type\":\"ListItem\",\"position\":2,\"name\":\"Retro wielershirts\",\"item\":\"https:\\\/\\\/mail.cyclingoriginals.com\\\/it\\\/maglie-da-ciclismo-retro\\\/\"},{\"@type\":\"ListItem\",\"position\":3,\"name\":\"KELA (a) 1973 WIELERSHIRT\"}]},{\"@type\":\"WebSite\",\"@id\":\"https:\\\/\\\/mail.ton-merckx-wielershirts.nl\\\/#website\",\"url\":\"https:\\\/\\\/mail.ton-merckx-wielershirts.nl\\\/\",\"name\":\"Ton Merckx Wielershirts - Rondreis door de wereld van wielershirts\",\"description\":\"thousands of original cycling jerseys - order your replica!\",\"publisher\":{\"@id\":\"https:\\\/\\\/mail.ton-merckx-wielershirts.nl\\\/#organization\"},\"potentialAction\":[{\"@type\":\"SearchAction\",\"target\":{\"@type\":\"EntryPoint\",\"urlTemplate\":\"https:\\\/\\\/mail.ton-merckx-wielershirts.nl\\\/?s={search_term_string}\"},\"query-input\":{\"@type\":\"PropertyValueSpecification\",\"valueRequired\":true,\"valueName\":\"search_term_string\"}}],\"inLanguage\":\"de\"},{\"@type\":\"Organization\",\"@id\":\"https:\\\/\\\/mail.ton-merckx-wielershirts.nl\\\/#organization\",\"name\":\"Ton Merckx Wielershirts - Rondreis door de wereld van wielershirts\",\"url\":\"https:\\\/\\\/mail.ton-merckx-wielershirts.nl\\\/\",\"logo\":{\"@type\":\"ImageObject\",\"inLanguage\":\"de\",\"@id\":\"https:\\\/\\\/mail.ton-merckx-wielershirts.nl\\\/#\\\/schema\\\/logo\\\/image\\\/\",\"url\":\"https:\\\/\\\/mail.ton-merckx-wielershirts.nl\\\/wp-content\\\/uploads\\\/2023\\\/03\\\/ton-merckx-logo.jpg\",\"contentUrl\":\"https:\\\/\\\/mail.ton-merckx-wielershirts.nl\\\/wp-content\\\/uploads\\\/2023\\\/03\\\/ton-merckx-logo.jpg\",\"width\":391,\"height\":57,\"caption\":\"Ton Merckx Wielershirts - Rondreis door de wereld van wielershirts\"},\"image\":{\"@id\":\"https:\\\/\\\/mail.ton-merckx-wielershirts.nl\\\/#\\\/schema\\\/logo\\\/image\\\/\"}}]}<\/script>\n<!-- \/ Yoast SEO plugin. -->","yoast_head_json":{"title":"KELA (a) 1973 RADFAHREN-HEMD \u2013 Ton Merckx Radtrikots \u2013 Tour durch die Welt der Radtrikots","robots":{"index":"index","follow":"follow","max-snippet":"max-snippet:-1","max-image-preview":"max-image-preview:large","max-video-preview":"max-video-preview:-1"},"canonical":"https:\/\/mail.ton-merckx-wielershirts.nl\/de\/retro-radtrikot\/kela\/","og_locale":"de_DE","og_type":"article","og_title":"KELA (a)  1973   WIELERSHIRT - Ton Merckx Wielershirts - Rondreis door de wereld van wielershirts","og_description":"Het Rood-wit-blauwe KELA tenue werd in eerste instantie door de KNWU niet goedgekeurd omdat het teveel leek op een Nederlandse Kampioenstrui. Door de witte mouwen en het zwarte streepje op het shirt werd het shirt in tweede instantie wel goedgekeurd door de KNWU.","og_url":"https:\/\/mail.ton-merckx-wielershirts.nl\/de\/retro-radtrikot\/kela\/","og_site_name":"Ton Merckx Wielershirts - Rondreis door de wereld van wielershirts","article_modified_time":"2026-01-28T11:02:19+00:00","og_image":[{"width":1704,"height":2272,"url":"https:\/\/mail.ton-merckx-wielershirts.nl\/wp-content\/uploads\/2023\/01\/SSA42621.jpg","type":"image\/jpeg"}],"twitter_card":"summary_large_image","twitter_misc":{"Gesch\u00e4tzte Lesezeit":"1\u00a0Minute"},"schema":{"@context":"https:\/\/schema.org","@graph":[{"@type":"WebPage","@id":"https:\/\/mail.ton-merckx-wielershirts.nl\/retro-wielershirt\/kela\/","url":"https:\/\/mail.ton-merckx-wielershirts.nl\/retro-wielershirt\/kela\/","name":"KELA (a) 1973 RADFAHREN-HEMD \u2013 Ton Merckx Radtrikots \u2013 Tour durch die Welt der Radtrikots","isPartOf":{"@id":"https:\/\/mail.ton-merckx-wielershirts.nl\/#website"},"primaryImageOfPage":{"@id":"https:\/\/mail.ton-merckx-wielershirts.nl\/retro-wielershirt\/kela\/#primaryimage"},"image":{"@id":"https:\/\/mail.ton-merckx-wielershirts.nl\/retro-wielershirt\/kela\/#primaryimage"},"thumbnailUrl":"https:\/\/mail.ton-merckx-wielershirts.nl\/wp-content\/uploads\/2023\/01\/SSA42621.jpg","datePublished":"2023-01-24T18:06:06+00:00","dateModified":"2026-01-28T11:02:19+00:00","breadcrumb":{"@id":"https:\/\/mail.ton-merckx-wielershirts.nl\/retro-wielershirt\/kela\/#breadcrumb"},"inLanguage":"de","potentialAction":[{"@type":"ReadAction","target":["https:\/\/mail.ton-merckx-wielershirts.nl\/retro-wielershirt\/kela\/"]}]},{"@type":"ImageObject","inLanguage":"de","@id":"https:\/\/mail.ton-merckx-wielershirts.nl\/retro-wielershirt\/kela\/#primaryimage","url":"https:\/\/mail.ton-merckx-wielershirts.nl\/wp-content\/uploads\/2023\/01\/SSA42621.jpg","contentUrl":"https:\/\/mail.ton-merckx-wielershirts.nl\/wp-content\/uploads\/2023\/01\/SSA42621.jpg","width":1704,"height":2272},{"@type":"BreadcrumbList","@id":"https:\/\/mail.ton-merckx-wielershirts.nl\/retro-wielershirt\/kela\/#breadcrumb","itemListElement":[{"@type":"ListItem","position":1,"name":"Home","item":"https:\/\/mail.ton-merckx-wielershirts.nl\/"},{"@type":"ListItem","position":2,"name":"Retro wielershirts","item":"https:\/\/mail.cyclingoriginals.com\/it\/maglie-da-ciclismo-retro\/"},{"@type":"ListItem","position":3,"name":"KELA (a) 1973 WIELERSHIRT"}]},{"@type":"WebSite","@id":"https:\/\/mail.ton-merckx-wielershirts.nl\/#website","url":"https:\/\/mail.ton-merckx-wielershirts.nl\/","name":"Ton Merckx Radsport-Shirts \u2013 Tour durch die Welt der Radsport-Shirts","description":"Tausende originale Radtrikots \u2013 bestellen Sie Ihr Replikat!","publisher":{"@id":"https:\/\/mail.ton-merckx-wielershirts.nl\/#organization"},"potentialAction":[{"@type":"SearchAction","target":{"@type":"EntryPoint","urlTemplate":"https:\/\/mail.ton-merckx-wielershirts.nl\/?s={search_term_string}"},"query-input":{"@type":"PropertyValueSpecification","valueRequired":true,"valueName":"search_term_string"}}],"inLanguage":"de"},{"@type":"Organization","@id":"https:\/\/mail.ton-merckx-wielershirts.nl\/#organization","name":"Ton Merckx Radsport-Shirts \u2013 Tour durch die Welt der Radsport-Shirts","url":"https:\/\/mail.ton-merckx-wielershirts.nl\/","logo":{"@type":"ImageObject","inLanguage":"de","@id":"https:\/\/mail.ton-merckx-wielershirts.nl\/#\/schema\/logo\/image\/","url":"https:\/\/mail.ton-merckx-wielershirts.nl\/wp-content\/uploads\/2023\/03\/ton-merckx-logo.jpg","contentUrl":"https:\/\/mail.ton-merckx-wielershirts.nl\/wp-content\/uploads\/2023\/03\/ton-merckx-logo.jpg","width":391,"height":57,"caption":"Ton Merckx Wielershirts - Rondreis door de wereld van wielershirts"},"image":{"@id":"https:\/\/mail.ton-merckx-wielershirts.nl\/#\/schema\/logo\/image\/"}}]}},"_links":{"self":[{"href":"https:\/\/mail.ton-merckx-wielershirts.nl\/de\/wp-json\/wp\/v2\/product\/3729","targetHints":{"allow":["GET"]}}],"collection":[{"href":"https:\/\/mail.ton-merckx-wielershirts.nl\/de\/wp-json\/wp\/v2\/product"}],"about":[{"href":"https:\/\/mail.ton-merckx-wielershirts.nl\/de\/wp-json\/wp\/v2\/types\/product"}],"wp:featuredmedia":[{"embeddable":true,"href":"https:\/\/mail.ton-merckx-wielershirts.nl\/de\/wp-json\/wp\/v2\/media\/3728"}],"wp:attachment":[{"href":"https:\/\/mail.ton-merckx-wielershirts.nl\/de\/wp-json\/wp\/v2\/media?parent=3729"}],"wp:term":[{"taxonomy":"product_brand","embeddable":true,"href":"https:\/\/mail.ton-merckx-wielershirts.nl\/de\/wp-json\/wp\/v2\/product_brand?post=3729"},{"taxonomy":"product_cat","embeddable":true,"href":"https:\/\/mail.ton-merckx-wielershirts.nl\/de\/wp-json\/wp\/v2\/product_cat?post=3729"},{"taxonomy":"product_tag","embeddable":true,"href":"https:\/\/mail.ton-merckx-wielershirts.nl\/de\/wp-json\/wp\/v2\/product_tag?post=3729"}],"curies":[{"name":"wp","href":"https:\/\/api.w.org\/{rel}","templated":true}]}}